{"id":51,"date":"2025-07-07T15:01:12","date_gmt":"2025-07-07T15:01:12","guid":{"rendered":"https:\/\/atelier-maya.org\/?page_id=51"},"modified":"2026-02-05T23:23:39","modified_gmt":"2026-02-05T23:23:39","slug":"les-stages","status":"publish","type":"page","link":"https:\/\/atelier-maya.org\/?page_id=51","title":{"rendered":"Les stages"},"content":{"rendered":"\t\t<div data-elementor-type=\"wp-page\" data-elementor-id=\"51\" class=\"elementor elementor-51\">\n\t\t\t\t<div class=\"elementor-element elementor-element-269760e5 e-flex e-con-boxed e-con e-parent\" data-id=\"269760e5\" data-element_type=\"container\">\n\t\t\t\t\t<div class=\"e-con-inner\">\n\t\t<div class=\"elementor-element elementor-element-5270a2e2 e-con-full e-flex e-con e-child\" data-id=\"5270a2e2\" data-element_type=\"container\">\n\t\t\t\t<div class=\"elementor-element elementor-element-40bf010e elementor-widget-mobile__width-initial elementor-widget elementor-widget-image\" data-id=\"40bf010e\" data-element_type=\"widget\" data-widget_type=\"image.default\">\n\t\t\t\t\t\t\t\t\t\t\t\t\t\t\t<img fetchpriority=\"high\" decoding=\"async\" width=\"800\" height=\"278\" src=\"https:\/\/atelier-maya.org\/wp-content\/uploads\/2025\/07\/Atelier-4-denoised_sharpened_upscaled_x3-1-1-1024x356.png\" class=\"attachment-large size-large wp-image-26\" alt=\"\" srcset=\"https:\/\/atelier-maya.org\/wp-content\/uploads\/2025\/07\/Atelier-4-denoised_sharpened_upscaled_x3-1-1-1024x356.png 1024w, https:\/\/atelier-maya.org\/wp-content\/uploads\/2025\/07\/Atelier-4-denoised_sharpened_upscaled_x3-1-1-300x104.png 300w, https:\/\/atelier-maya.org\/wp-content\/uploads\/2025\/07\/Atelier-4-denoised_sharpened_upscaled_x3-1-1-768x267.png 768w, https:\/\/atelier-maya.org\/wp-content\/uploads\/2025\/07\/Atelier-4-denoised_sharpened_upscaled_x3-1-1.png 1090w\" sizes=\"(max-width: 800px) 100vw, 800px\" \/>\t\t\t\t\t\t\t\t\t\t\t\t\t\t\t<\/div>\n\t\t\t\t<\/div>\n\t\t<div class=\"elementor-element elementor-element-340ba8c8 e-con-full e-flex e-con e-child\" data-id=\"340ba8c8\" data-element_type=\"container\">\n\t\t\t\t<div class=\"elementor-element elementor-element-1d27f33e elementor-widget elementor-widget-ekit-nav-menu\" data-id=\"1d27f33e\" data-element_type=\"widget\" data-widget_type=\"ekit-nav-menu.default\">\n\t\t\t\t<div class=\"elementor-widget-container\">\n\t\t\t\t\t\t\t<nav class=\"ekit-wid-con ekit_menu_responsive_tablet\" \n\t\t\tdata-hamburger-icon=\"\" \n\t\t\tdata-hamburger-icon-type=\"icon\" \n\t\t\tdata-responsive-breakpoint=\"1024\">\n\t\t\t            <button class=\"elementskit-menu-hamburger elementskit-menu-toggler\"  type=\"button\" aria-label=\"hamburger-icon\">\n                                    <span class=\"elementskit-menu-hamburger-icon\"><\/span><span class=\"elementskit-menu-hamburger-icon\"><\/span><span class=\"elementskit-menu-hamburger-icon\"><\/span>\n                            <\/button>\n            <div id=\"ekit-megamenu-main-menu\" class=\"elementskit-menu-container elementskit-menu-offcanvas-elements elementskit-navbar-nav-default ekit-nav-menu-one-page-no ekit-nav-dropdown-hover\"><ul id=\"menu-main-menu\" class=\"elementskit-navbar-nav elementskit-menu-po-center submenu-click-on-icon\"><li id=\"menu-item-30\" class=\"menu-item menu-item-type-post_type menu-item-object-page menu-item-home menu-item-30 nav-item elementskit-mobile-builder-content\" data-vertical-menu=750px><a href=\"https:\/\/atelier-maya.org\/\" class=\"ekit-menu-nav-link\">Accueil<\/a><\/li>\n<li id=\"menu-item-53\" class=\"menu-item menu-item-type-post_type menu-item-object-page menu-item-53 nav-item elementskit-mobile-builder-content\" data-vertical-menu=750px><a href=\"https:\/\/atelier-maya.org\/?page_id=51\" class=\"ekit-menu-nav-link\">Les stages<\/a><\/li>\n<li id=\"menu-item-54\" class=\"menu-item menu-item-type-post_type menu-item-object-page menu-item-54 nav-item elementskit-mobile-builder-content\" data-vertical-menu=750px><a href=\"https:\/\/atelier-maya.org\/?page_id=47\" class=\"ekit-menu-nav-link\">Mon parcours<\/a><\/li>\n<li id=\"menu-item-55\" class=\"menu-item menu-item-type-post_type menu-item-object-page menu-item-has-children menu-item-55 nav-item elementskit-dropdown-has relative_position elementskit-dropdown-menu-default_width elementskit-mobile-builder-content\" data-vertical-menu=750px><a href=\"https:\/\/atelier-maya.org\/?page_id=39\" class=\"ekit-menu-nav-link ekit-menu-dropdown-toggle\">Ma collection<i aria-hidden=\"true\" class=\"icon icon-down-arrow1 elementskit-submenu-indicator\"><\/i><\/a>\n<ul class=\"elementskit-dropdown elementskit-submenu-panel\">\n\t<li id=\"menu-item-59\" class=\"menu-item menu-item-type-post_type menu-item-object-page menu-item-59 nav-item elementskit-mobile-builder-content\" data-vertical-menu=750px><a href=\"https:\/\/atelier-maya.org\/?page_id=41\" class=\" dropdown-item\">Les rondes<\/a>\t<li id=\"menu-item-58\" class=\"menu-item menu-item-type-post_type menu-item-object-page menu-item-58 nav-item elementskit-mobile-builder-content\" data-vertical-menu=750px><a href=\"https:\/\/atelier-maya.org\/?page_id=43\" class=\" dropdown-item\">Les courbes<\/a>\t<li id=\"menu-item-57\" class=\"menu-item menu-item-type-post_type menu-item-object-page menu-item-57 nav-item elementskit-mobile-builder-content\" data-vertical-menu=750px><a href=\"https:\/\/atelier-maya.org\/?page_id=45\" class=\" dropdown-item\">Les vagues<\/a>\t<li id=\"menu-item-56\" class=\"menu-item menu-item-type-post_type menu-item-object-page menu-item-56 nav-item elementskit-mobile-builder-content\" data-vertical-menu=750px><a href=\"https:\/\/atelier-maya.org\/?page_id=49\" class=\" dropdown-item\">Le v\u00e9g\u00e9tal<\/a><\/ul>\n<\/li>\n<\/ul><div class=\"elementskit-nav-identity-panel\"><button class=\"elementskit-menu-close elementskit-menu-toggler\" type=\"button\">X<\/button><\/div><\/div>\t\t\t\n\t\t\t<div class=\"elementskit-menu-overlay elementskit-menu-offcanvas-elements elementskit-menu-toggler ekit-nav-menu--overlay\"><\/div>        <\/nav>\n\t\t\t\t\t\t<\/div>\n\t\t\t\t<\/div>\n\t\t\t\t<\/div>\n\t\t\t\t\t<\/div>\n\t\t\t\t<\/div>\n\t\t<div class=\"elementor-element elementor-element-e673c9f e-flex e-con-boxed e-con e-parent\" data-id=\"e673c9f\" data-element_type=\"container\" data-settings=\"{&quot;background_background&quot;:&quot;classic&quot;}\">\n\t\t\t\t\t<div class=\"e-con-inner\">\n\t\t\t\t<div class=\"elementor-element elementor-element-8aaa79f elementor-widget elementor-widget-spacer\" data-id=\"8aaa79f\" data-element_type=\"widget\" data-widget_type=\"spacer.default\">\n\t\t\t\t\t\t\t<div class=\"elementor-spacer\">\n\t\t\t<div class=\"elementor-spacer-inner\"><\/div>\n\t\t<\/div>\n\t\t\t\t\t\t<\/div>\n\t\t\t\t<div class=\"elementor-element elementor-element-b99f628 elementor-widget elementor-widget-heading\" data-id=\"b99f628\" data-element_type=\"widget\" data-widget_type=\"heading.default\">\n\t\t\t\t\t<h2 class=\"elementor-heading-title elementor-size-default\">Les Stages\nde Sculpture \u00e0 Courbevoie<\/h2>\t\t\t\t<\/div>\n\t\t\t\t<div class=\"elementor-element elementor-element-aa03d80 elementor-widget elementor-widget-spacer\" data-id=\"aa03d80\" data-element_type=\"widget\" data-widget_type=\"spacer.default\">\n\t\t\t\t\t\t\t<div class=\"elementor-spacer\">\n\t\t\t<div class=\"elementor-spacer-inner\"><\/div>\n\t\t<\/div>\n\t\t\t\t\t\t<\/div>\n\t\t\t\t\t<\/div>\n\t\t\t\t<\/div>\n\t\t<div class=\"elementor-element elementor-element-bac848b e-flex e-con-boxed e-con e-parent\" data-id=\"bac848b\" data-element_type=\"container\" data-settings=\"{&quot;background_background&quot;:&quot;classic&quot;}\">\n\t\t\t\t\t<div class=\"e-con-inner\">\n\t\t\t\t<div class=\"elementor-element elementor-element-4a81a86 elementor-widget elementor-widget-spacer\" data-id=\"4a81a86\" data-element_type=\"widget\" data-widget_type=\"spacer.default\">\n\t\t\t\t\t\t\t<div class=\"elementor-spacer\">\n\t\t\t<div class=\"elementor-spacer-inner\"><\/div>\n\t\t<\/div>\n\t\t\t\t\t\t<\/div>\n\t\t\t\t\t<\/div>\n\t\t\t\t<\/div>\n\t\t<div class=\"elementor-element elementor-element-669b500 e-con-full e-flex e-con e-parent\" data-id=\"669b500\" data-element_type=\"container\">\n\t\t<div class=\"elementor-element elementor-element-9b6cc47 e-con-full e-flex e-con e-child\" data-id=\"9b6cc47\" data-element_type=\"container\" data-settings=\"{&quot;background_background&quot;:&quot;classic&quot;}\">\n\t\t\t\t<div class=\"elementor-element elementor-element-2495a27 elementor-widget elementor-widget-heading\" data-id=\"2495a27\" data-element_type=\"widget\" data-widget_type=\"heading.default\">\n\t\t\t\t\t<h2 class=\"elementor-heading-title elementor-size-default\">Les stages de sculpture \u00e0 la demande pour adultes<\/h2>\t\t\t\t<\/div>\n\t\t\t\t<div class=\"elementor-element elementor-element-456dac2 elementor-widget elementor-widget-heading\" data-id=\"456dac2\" data-element_type=\"widget\" data-widget_type=\"heading.default\">\n\t\t\t\t\t<h2 class=\"elementor-heading-title elementor-size-default\">Il n\u2019y a pas d\u2019engagement \u00e0 l\u2019ann\u00e9e car j\u2019essaye de m\u2019adapter \u00e0 vos horaires  et offrir une certaine  souplesse autant pour vous que pour moi. La session de 9 h (3 x 3 h)  permet d\u2019avoir le temps suffisant pour r\u00e9aliser votre sculpture. <\/h2>\t\t\t\t<\/div>\n\t\t\t\t<\/div>\n\t\t\t\t<\/div>\n\t\t<div class=\"elementor-element elementor-element-ac4b442 e-flex e-con-boxed e-con e-parent\" data-id=\"ac4b442\" data-element_type=\"container\" data-settings=\"{&quot;background_background&quot;:&quot;classic&quot;}\">\n\t\t\t\t\t<div class=\"e-con-inner\">\n\t\t\t\t<div class=\"elementor-element elementor-element-5dad28e elementor-widget elementor-widget-spacer\" data-id=\"5dad28e\" data-element_type=\"widget\" data-widget_type=\"spacer.default\">\n\t\t\t\t\t\t\t<div class=\"elementor-spacer\">\n\t\t\t<div class=\"elementor-spacer-inner\"><\/div>\n\t\t<\/div>\n\t\t\t\t\t\t<\/div>\n\t\t\t\t\t<\/div>\n\t\t\t\t<\/div>\n\t\t<div class=\"elementor-element elementor-element-9382ebd e-flex e-con-boxed e-con e-parent\" data-id=\"9382ebd\" data-element_type=\"container\">\n\t\t\t\t\t<div class=\"e-con-inner\">\n\t\t<div class=\"elementor-element elementor-element-6a84a5c e-con-full e-flex e-con e-child\" data-id=\"6a84a5c\" data-element_type=\"container\">\n\t\t\t\t<div class=\"elementor-element elementor-element-6200df1 elementor-widget elementor-widget-heading\" data-id=\"6200df1\" data-element_type=\"widget\" data-widget_type=\"heading.default\">\n\t\t\t\t\t<h2 class=\"elementor-heading-title elementor-size-default\">Les disponibilit\u00e9s<\/h2>\t\t\t\t<\/div>\n\t\t\t\t<div class=\"elementor-element elementor-element-2293008 elementor-widget elementor-widget-heading\" data-id=\"2293008\" data-element_type=\"widget\" data-widget_type=\"heading.default\">\n\t\t\t\t\t<h2 class=\"elementor-heading-title elementor-size-default\">( 2026 )<\/h2>\t\t\t\t<\/div>\n\t\t\t\t<div class=\"elementor-element elementor-element-408898a elementor-widget elementor-widget-heading\" data-id=\"408898a\" data-element_type=\"widget\" data-widget_type=\"heading.default\">\n\t\t\t\t\t<h2 class=\"elementor-heading-title elementor-size-default\">En semaine \u2013&gt; mercredi 16h \u2013 19 h <\/h2>\t\t\t\t<\/div>\n\t\t\t\t<div class=\"elementor-element elementor-element-430a0ba elementor-widget elementor-widget-heading\" data-id=\"430a0ba\" data-element_type=\"widget\" data-widget_type=\"heading.default\">\n\t\t\t\t\t<h2 class=\"elementor-heading-title elementor-size-default\">Cours du soir  selon vos disponibilit\u00e9s<\/h2>\t\t\t\t<\/div>\n\t\t\t\t<div class=\"elementor-element elementor-element-b493acf elementor-widget elementor-widget-heading\" data-id=\"b493acf\" data-element_type=\"widget\" data-widget_type=\"heading.default\">\n\t\t\t\t\t<h2 class=\"elementor-heading-title elementor-size-default\">(18-21h)<\/h2>\t\t\t\t<\/div>\n\t\t\t\t<\/div>\n\t\t<div class=\"elementor-element elementor-element-644196f e-con-full e-flex e-con e-child\" data-id=\"644196f\" data-element_type=\"container\">\n\t\t\t\t<div class=\"elementor-element elementor-element-80cd349 elementor-widget elementor-widget-heading\" data-id=\"80cd349\" data-element_type=\"widget\" data-widget_type=\"heading.default\">\n\t\t\t\t\t<h2 class=\"elementor-heading-title elementor-size-default\">Les tarifs<\/h2>\t\t\t\t<\/div>\n\t\t\t\t<div class=\"elementor-element elementor-element-6c13851 elementor-widget elementor-widget-heading\" data-id=\"6c13851\" data-element_type=\"widget\" data-widget_type=\"heading.default\">\n\t\t\t\t\t<h2 class=\"elementor-heading-title elementor-size-default\">Session de 3 h  :  45 \u20ac<\/h2>\t\t\t\t<\/div>\n\t\t\t\t<div class=\"elementor-element elementor-element-fa17982 elementor-widget elementor-widget-heading\" data-id=\"fa17982\" data-element_type=\"widget\" data-widget_type=\"heading.default\">\n\t\t\t\t\t<h2 class=\"elementor-heading-title elementor-size-default\">2 sessions de 3 h :  80 \u20ac\n\n<\/h2>\t\t\t\t<\/div>\n\t\t\t\t<div class=\"elementor-element elementor-element-750eefc elementor-widget elementor-widget-heading\" data-id=\"750eefc\" data-element_type=\"widget\" data-widget_type=\"heading.default\">\n\t\t\t\t\t<h2 class=\"elementor-heading-title elementor-size-default\">3 sessions de 3 h :  120 \u20ac<\/h2>\t\t\t\t<\/div>\n\t\t\t\t<div class=\"elementor-element elementor-element-08b4550 elementor-widget elementor-widget-heading\" data-id=\"08b4550\" data-element_type=\"widget\" data-widget_type=\"heading.default\">\n\t\t\t\t\t<h2 class=\"elementor-heading-title elementor-size-default\">6 sessions de 3 h  ( sur 2\/3 mois ) : 240 \u20ac<\/h2>\t\t\t\t<\/div>\n\t\t\t\t<\/div>\n\t\t\t\t\t<\/div>\n\t\t\t\t<\/div>\n\t\t<div class=\"elementor-element elementor-element-06802dd e-flex e-con-boxed e-con e-parent\" data-id=\"06802dd\" data-element_type=\"container\">\n\t\t\t\t\t<div class=\"e-con-inner\">\n\t\t\t\t<div class=\"elementor-element elementor-element-f80fc5d elementor-widget elementor-widget-heading\" data-id=\"f80fc5d\" data-element_type=\"widget\" data-widget_type=\"heading.default\">\n\t\t\t\t\t<h2 class=\"elementor-heading-title elementor-size-default\">( N\u2019h\u00e9sitez pas \u00e0 me contacter pour discuter d\u2019un forfait)<\/h2>\t\t\t\t<\/div>\n\t\t\t\t\t<\/div>\n\t\t\t\t<\/div>\n\t\t<div class=\"elementor-element elementor-element-396c654 e-flex e-con-boxed e-con e-parent\" data-id=\"396c654\" data-element_type=\"container\" data-settings=\"{&quot;background_background&quot;:&quot;classic&quot;}\">\n\t\t\t\t\t<div class=\"e-con-inner\">\n\t\t\t\t<div class=\"elementor-element elementor-element-ad2f318 elementor-widget elementor-widget-spacer\" data-id=\"ad2f318\" data-element_type=\"widget\" data-widget_type=\"spacer.default\">\n\t\t\t\t\t\t\t<div class=\"elementor-spacer\">\n\t\t\t<div class=\"elementor-spacer-inner\"><\/div>\n\t\t<\/div>\n\t\t\t\t\t\t<\/div>\n\t\t\t\t\t<\/div>\n\t\t\t\t<\/div>\n\t\t<div class=\"elementor-element elementor-element-f0953bc e-con-full e-flex e-con e-parent\" data-id=\"f0953bc\" data-element_type=\"container\" data-settings=\"{&quot;background_background&quot;:&quot;classic&quot;}\">\n\t\t\t\t<div class=\"elementor-element elementor-element-23fc77c elementor-widget elementor-widget-spacer\" data-id=\"23fc77c\" data-element_type=\"widget\" data-widget_type=\"spacer.default\">\n\t\t\t\t\t\t\t<div class=\"elementor-spacer\">\n\t\t\t<div class=\"elementor-spacer-inner\"><\/div>\n\t\t<\/div>\n\t\t\t\t\t\t<\/div>\n\t\t\t\t<div class=\"elementor-element elementor-element-f0fb923 elementor-widget elementor-widget-heading\" data-id=\"f0fb923\" data-element_type=\"widget\" data-widget_type=\"heading.default\">\n\t\t\t\t\t<h2 class=\"elementor-heading-title elementor-size-default\">Vous pouvez aussi offrir des cours en bons cadeaux !<\/h2>\t\t\t\t<\/div>\n\t\t\t\t<div class=\"elementor-element elementor-element-cbf97d5 elementor-widget elementor-widget-heading\" data-id=\"cbf97d5\" data-element_type=\"widget\" data-widget_type=\"heading.default\">\n\t\t\t\t\t<h2 class=\"elementor-heading-title elementor-size-default\">Pour toutes demandes concernant les stages de sculpture \u00e0 Courbevoie contactez moi :<\/h2>\t\t\t\t<\/div>\n\t\t\t\t<div class=\"elementor-element elementor-element-884d567 elementor-widget elementor-widget-heading\" data-id=\"884d567\" data-element_type=\"widget\" data-widget_type=\"heading.default\">\n\t\t\t\t\t<h2 class=\"elementor-heading-title elementor-size-default\">\ud83d\udcde --&gt; 06 14 11 63 84<br><br>\u2709\ufe0f --&gt; contact@atelier-maya.org\n<\/h2>\t\t\t\t<\/div>\n\t\t\t\t<div class=\"elementor-element elementor-element-546f1c8 elementor-widget elementor-widget-spacer\" data-id=\"546f1c8\" data-element_type=\"widget\" data-widget_type=\"spacer.default\">\n\t\t\t\t\t\t\t<div class=\"elementor-spacer\">\n\t\t\t<div class=\"elementor-spacer-inner\"><\/div>\n\t\t<\/div>\n\t\t\t\t\t\t<\/div>\n\t\t\t\t<\/div>\n\t\t<div class=\"elementor-element elementor-element-1e9d6856 e-con-full e-flex e-con e-parent\" data-id=\"1e9d6856\" data-element_type=\"container\" data-settings=\"{&quot;background_background&quot;:&quot;classic&quot;}\">\n\t\t<div class=\"elementor-element elementor-element-3932baeb e-con-full e-flex e-con e-child\" data-id=\"3932baeb\" data-element_type=\"container\">\n\t\t\t\t<div class=\"elementor-element elementor-element-2ff285af elementor-widget elementor-widget-heading\" data-id=\"2ff285af\" data-element_type=\"widget\" data-widget_type=\"heading.default\">\n\t\t\t\t\t<h2 class=\"elementor-heading-title elementor-size-default\">\ud83d\udcde 06 14 11 63 84<br><br>\u2709\ufe0f contact@atelier-maya.org<br>\n<\/h2>\t\t\t\t<\/div>\n\t\t\t\t<\/div>\n\t\t<div class=\"elementor-element elementor-element-3d3c98ea e-con-full e-flex e-con e-child\" data-id=\"3d3c98ea\" data-element_type=\"container\">\n\t\t\t\t<div class=\"elementor-element elementor-element-4161eadf elementor-widget elementor-widget-heading\" data-id=\"4161eadf\" data-element_type=\"widget\" data-widget_type=\"heading.default\">\n\t\t\t\t\t<h2 class=\"elementor-heading-title elementor-size-default\">Pages l\u00e9gales <\/h2>\t\t\t\t<\/div>\n\t\t\t\t<\/div>\n\t\t\t\t<\/div>\n\t\t\t\t<\/div>\n\t\t","protected":false},"excerpt":{"rendered":"<p>Accueil Les stages Mon parcours Ma collection Les rondes Les courbes Les vagues Le v\u00e9g\u00e9tal X Les Stages de Sculpture \u00e0 Courbevoie Les stages de sculpture \u00e0 la demande pour adultes Il n\u2019y a pas d\u2019engagement \u00e0 l\u2019ann\u00e9e car j\u2019essaye de m\u2019adapter \u00e0 vos horaires et offrir une certaine souplesse autant pour vous que pour [&hellip;]<\/p>\n","protected":false},"author":1,"featured_media":0,"parent":0,"menu_order":0,"comment_status":"closed","ping_status":"closed","template":"elementor_canvas","meta":{"footnotes":""},"class_list":["post-51","page","type-page","status-publish","hentry"],"_links":{"self":[{"href":"https:\/\/atelier-maya.org\/index.php?rest_route=\/wp\/v2\/pages\/51","targetHints":{"allow":["GET"]}}],"collection":[{"href":"https:\/\/atelier-maya.org\/index.php?rest_route=\/wp\/v2\/pages"}],"about":[{"href":"https:\/\/atelier-maya.org\/index.php?rest_route=\/wp\/v2\/types\/page"}],"author":[{"embeddable":true,"href":"https:\/\/atelier-maya.org\/index.php?rest_route=\/wp\/v2\/users\/1"}],"replies":[{"embeddable":true,"href":"https:\/\/atelier-maya.org\/index.php?rest_route=%2Fwp%2Fv2%2Fcomments&post=51"}],"version-history":[{"count":35,"href":"https:\/\/atelier-maya.org\/index.php?rest_route=\/wp\/v2\/pages\/51\/revisions"}],"predecessor-version":[{"id":328,"href":"https:\/\/atelier-maya.org\/index.php?rest_route=\/wp\/v2\/pages\/51\/revisions\/328"}],"wp:attachment":[{"href":"https:\/\/atelier-maya.org\/index.php?rest_route=%2Fwp%2Fv2%2Fmedia&parent=51"}],"curies":[{"name":"wp","href":"https:\/\/api.w.org\/{rel}","templated":true}]}}