{"id":49,"date":"2025-07-07T15:00:26","date_gmt":"2025-07-07T15:00:26","guid":{"rendered":"https:\/\/atelier-maya.org\/?page_id=49"},"modified":"2026-02-05T22:37:59","modified_gmt":"2026-02-05T22:37:59","slug":"le-vegetal","status":"publish","type":"page","link":"https:\/\/atelier-maya.org\/?page_id=49","title":{"rendered":"Le v\u00e9g\u00e9tal"},"content":{"rendered":"\t\t<div data-elementor-type=\"wp-page\" data-elementor-id=\"49\" class=\"elementor elementor-49\">\n\t\t\t\t<div class=\"elementor-element elementor-element-7de592bb e-flex e-con-boxed e-con e-parent\" data-id=\"7de592bb\" data-element_type=\"container\">\n\t\t\t\t\t<div class=\"e-con-inner\">\n\t\t<div class=\"elementor-element elementor-element-7d412927 e-con-full e-flex e-con e-child\" data-id=\"7d412927\" data-element_type=\"container\">\n\t\t\t\t<div class=\"elementor-element elementor-element-4bf50b3c elementor-widget-mobile__width-initial elementor-widget elementor-widget-image\" data-id=\"4bf50b3c\" data-element_type=\"widget\" data-widget_type=\"image.default\">\n\t\t\t\t\t\t\t\t\t\t\t\t\t\t\t<img fetchpriority=\"high\" decoding=\"async\" width=\"800\" height=\"278\" src=\"https:\/\/atelier-maya.org\/wp-content\/uploads\/2025\/07\/Atelier-4-denoised_sharpened_upscaled_x3-1-1-1024x356.png\" class=\"attachment-large size-large wp-image-26\" alt=\"\" srcset=\"https:\/\/atelier-maya.org\/wp-content\/uploads\/2025\/07\/Atelier-4-denoised_sharpened_upscaled_x3-1-1-1024x356.png 1024w, https:\/\/atelier-maya.org\/wp-content\/uploads\/2025\/07\/Atelier-4-denoised_sharpened_upscaled_x3-1-1-300x104.png 300w, https:\/\/atelier-maya.org\/wp-content\/uploads\/2025\/07\/Atelier-4-denoised_sharpened_upscaled_x3-1-1-768x267.png 768w, https:\/\/atelier-maya.org\/wp-content\/uploads\/2025\/07\/Atelier-4-denoised_sharpened_upscaled_x3-1-1.png 1090w\" sizes=\"(max-width: 800px) 100vw, 800px\" \/>\t\t\t\t\t\t\t\t\t\t\t\t\t\t\t<\/div>\n\t\t\t\t<\/div>\n\t\t<div class=\"elementor-element elementor-element-322c07d8 e-con-full e-flex e-con e-child\" data-id=\"322c07d8\" data-element_type=\"container\">\n\t\t\t\t<div class=\"elementor-element elementor-element-1dda71e5 elementor-widget elementor-widget-ekit-nav-menu\" data-id=\"1dda71e5\" data-element_type=\"widget\" data-widget_type=\"ekit-nav-menu.default\">\n\t\t\t\t<div class=\"elementor-widget-container\">\n\t\t\t\t\t\t\t<nav class=\"ekit-wid-con ekit_menu_responsive_tablet\" \n\t\t\tdata-hamburger-icon=\"\" \n\t\t\tdata-hamburger-icon-type=\"icon\" \n\t\t\tdata-responsive-breakpoint=\"1024\">\n\t\t\t            <button class=\"elementskit-menu-hamburger elementskit-menu-toggler\"  type=\"button\" aria-label=\"hamburger-icon\">\n                                    <span class=\"elementskit-menu-hamburger-icon\"><\/span><span class=\"elementskit-menu-hamburger-icon\"><\/span><span class=\"elementskit-menu-hamburger-icon\"><\/span>\n                            <\/button>\n            <div id=\"ekit-megamenu-main-menu\" class=\"elementskit-menu-container elementskit-menu-offcanvas-elements elementskit-navbar-nav-default ekit-nav-menu-one-page-no ekit-nav-dropdown-hover\"><ul id=\"menu-main-menu\" class=\"elementskit-navbar-nav elementskit-menu-po-center submenu-click-on-icon\"><li id=\"menu-item-30\" class=\"menu-item menu-item-type-post_type menu-item-object-page menu-item-home menu-item-30 nav-item elementskit-mobile-builder-content\" data-vertical-menu=750px><a href=\"https:\/\/atelier-maya.org\/\" class=\"ekit-menu-nav-link\">Accueil<\/a><\/li>\n<li id=\"menu-item-53\" class=\"menu-item menu-item-type-post_type menu-item-object-page menu-item-53 nav-item elementskit-mobile-builder-content\" data-vertical-menu=750px><a href=\"https:\/\/atelier-maya.org\/?page_id=51\" class=\"ekit-menu-nav-link\">Les stages<\/a><\/li>\n<li id=\"menu-item-54\" class=\"menu-item menu-item-type-post_type menu-item-object-page menu-item-54 nav-item elementskit-mobile-builder-content\" data-vertical-menu=750px><a href=\"https:\/\/atelier-maya.org\/?page_id=47\" class=\"ekit-menu-nav-link\">Mon parcours<\/a><\/li>\n<li id=\"menu-item-55\" class=\"menu-item menu-item-type-post_type menu-item-object-page menu-item-has-children menu-item-55 nav-item elementskit-dropdown-has relative_position elementskit-dropdown-menu-default_width elementskit-mobile-builder-content\" data-vertical-menu=750px><a href=\"https:\/\/atelier-maya.org\/?page_id=39\" class=\"ekit-menu-nav-link ekit-menu-dropdown-toggle\">Ma collection<i aria-hidden=\"true\" class=\"icon icon-down-arrow1 elementskit-submenu-indicator\"><\/i><\/a>\n<ul class=\"elementskit-dropdown elementskit-submenu-panel\">\n\t<li id=\"menu-item-59\" class=\"menu-item menu-item-type-post_type menu-item-object-page menu-item-59 nav-item elementskit-mobile-builder-content\" data-vertical-menu=750px><a href=\"https:\/\/atelier-maya.org\/?page_id=41\" class=\" dropdown-item\">Les rondes<\/a>\t<li id=\"menu-item-58\" class=\"menu-item menu-item-type-post_type menu-item-object-page menu-item-58 nav-item elementskit-mobile-builder-content\" data-vertical-menu=750px><a href=\"https:\/\/atelier-maya.org\/?page_id=43\" class=\" dropdown-item\">Les courbes<\/a>\t<li id=\"menu-item-57\" class=\"menu-item menu-item-type-post_type menu-item-object-page menu-item-57 nav-item elementskit-mobile-builder-content\" data-vertical-menu=750px><a href=\"https:\/\/atelier-maya.org\/?page_id=45\" class=\" dropdown-item\">Les vagues<\/a>\t<li id=\"menu-item-56\" class=\"menu-item menu-item-type-post_type menu-item-object-page menu-item-56 nav-item elementskit-mobile-builder-content\" data-vertical-menu=750px><a href=\"https:\/\/atelier-maya.org\/?page_id=49\" class=\" dropdown-item\">Le v\u00e9g\u00e9tal<\/a><\/ul>\n<\/li>\n<\/ul><div class=\"elementskit-nav-identity-panel\"><button class=\"elementskit-menu-close elementskit-menu-toggler\" type=\"button\">X<\/button><\/div><\/div>\t\t\t\n\t\t\t<div class=\"elementskit-menu-overlay elementskit-menu-offcanvas-elements elementskit-menu-toggler ekit-nav-menu--overlay\"><\/div>        <\/nav>\n\t\t\t\t\t\t<\/div>\n\t\t\t\t<\/div>\n\t\t\t\t<\/div>\n\t\t\t\t\t<\/div>\n\t\t\t\t<\/div>\n\t\t<div class=\"elementor-element elementor-element-15677f7 e-flex e-con-boxed e-con e-parent\" data-id=\"15677f7\" data-element_type=\"container\">\n\t\t\t\t\t<div class=\"e-con-inner\">\n\t\t\t\t<div class=\"elementor-element elementor-element-7948d4c elementor-widget elementor-widget-heading\" data-id=\"7948d4c\" data-element_type=\"widget\" data-widget_type=\"heading.default\">\n\t\t\t\t\t<h2 class=\"elementor-heading-title elementor-size-default\">Le v\u00e9g\u00e9tal<\/h2>\t\t\t\t<\/div>\n\t\t\t\t<div class=\"elementor-element elementor-element-bfc8fac elementor-widget-divider--view-line_icon elementor-widget-divider--separator-type-pattern elementor-widget-divider--no-spacing elementor-view-default elementor-widget-divider--element-align-center elementor-widget elementor-widget-divider\" data-id=\"bfc8fac\" data-element_type=\"widget\" data-widget_type=\"divider.default\">\n\t\t\t\t\t\t\t<div class=\"elementor-divider\" style=\"--divider-pattern-url: url(&quot;data:image\/svg+xml,%3Csvg xmlns=&#039;http:\/\/www.w3.org\/2000\/svg&#039; preserveAspectRatio=&#039;xMidYMid meet&#039; overflow=&#039;visible&#039; height=&#039;100%&#039; viewBox=&#039;0 0 126 26&#039; fill=&#039;black&#039; stroke=&#039;none&#039;%3E%3Cpath d=&#039;M3,10.2c2.6,0,2.6,2,2.6,3.2S4.4,16.5,3,16.5s-3-1.4-3-3.2S0.4,10.2,3,10.2z M18.8,10.2c1.7,0,3.2,1.4,3.2,3.2s-1.4,3.2-3.2,3.2c-1.7,0-3.2-1.4-3.2-3.2S17,10.2,18.8,10.2z M34.6,10.2c1.5,0,2.6,1.4,2.6,3.2s-0.5,3.2-1.9,3.2c-1.5,0-3.4-1.4-3.4-3.2S33.1,10.2,34.6,10.2z M50.5,10.2c1.7,0,3.2,1.4,3.2,3.2s-1.4,3.2-3.2,3.2c-1.7,0-3.3-0.9-3.3-2.6S48.7,10.2,50.5,10.2z M66.2,10.2c1.5,0,3.4,1.4,3.4,3.2s-1.9,3.2-3.4,3.2c-1.5,0-2.6-0.4-2.6-2.1S64.8,10.2,66.2,10.2z M82.2,10.2c1.7,0.8,2.6,1.4,2.6,3.2s-0.1,3.2-1.6,3.2c-1.5,0-3.7-1.4-3.7-3.2S80.5,9.4,82.2,10.2zM98.6,10.2c1.5,0,2.6,0.4,2.6,2.1s-1.2,4.2-2.6,4.2c-1.5,0-3.7-0.4-3.7-2.1S97.1,10.2,98.6,10.2z M113.4,10.2c1.2,0,2.2,0.9,2.2,3.2s-0.1,3.2-1.3,3.2s-3.1-1.4-3.1-3.2S112.2,10.2,113.4,10.2z&#039;\/%3E%3C\/svg%3E&quot;);\">\n\t\t\t<span class=\"elementor-divider-separator\">\n\t\t\t\t\t\t\t<div class=\"elementor-icon elementor-divider__element\">\n\t\t\t\t\t<i aria-hidden=\"true\" class=\"icon icon-Leaf\"><\/i><\/div>\n\t\t\t\t\t\t<\/span>\n\t\t<\/div>\n\t\t\t\t\t\t<\/div>\n\t\t\t\t\t<\/div>\n\t\t\t\t<\/div>\n\t\t<div class=\"elementor-element elementor-element-5bf3c99 e-flex e-con-boxed e-con e-parent\" data-id=\"5bf3c99\" data-element_type=\"container\">\n\t\t\t\t\t<div class=\"e-con-inner\">\n\t\t<div class=\"elementor-element elementor-element-a388bec e-con-full e-flex e-con e-child\" data-id=\"a388bec\" data-element_type=\"container\">\n\t\t\t\t<div class=\"elementor-element elementor-element-bb44cfa elementor-widget elementor-widget-image\" data-id=\"bb44cfa\" data-element_type=\"widget\" data-widget_type=\"image.default\">\n\t\t\t\t\t\t\t\t\t\t\t\t\t\t\t<img decoding=\"async\" width=\"768\" height=\"1024\" src=\"https:\/\/atelier-maya.org\/wp-content\/uploads\/2025\/07\/20240116_174837-1536x2048-1-768x1024.jpg\" class=\"attachment-large size-large wp-image-226\" alt=\"\" srcset=\"https:\/\/atelier-maya.org\/wp-content\/uploads\/2025\/07\/20240116_174837-1536x2048-1-768x1024.jpg 768w, https:\/\/atelier-maya.org\/wp-content\/uploads\/2025\/07\/20240116_174837-1536x2048-1-225x300.jpg 225w, https:\/\/atelier-maya.org\/wp-content\/uploads\/2025\/07\/20240116_174837-1536x2048-1-1152x1536.jpg 1152w, https:\/\/atelier-maya.org\/wp-content\/uploads\/2025\/07\/20240116_174837-1536x2048-1.jpg 1536w\" sizes=\"(max-width: 768px) 100vw, 768px\" \/>\t\t\t\t\t\t\t\t\t\t\t\t\t\t\t<\/div>\n\t\t\t\t<\/div>\n\t\t<div class=\"elementor-element elementor-element-c199647 e-con-full e-flex e-con e-child\" data-id=\"c199647\" data-element_type=\"container\">\n\t\t\t\t<div class=\"elementor-element elementor-element-2f0968e elementor-widget elementor-widget-image\" data-id=\"2f0968e\" data-element_type=\"widget\" data-widget_type=\"image.default\">\n\t\t\t\t\t\t\t\t\t\t\t\t\t\t\t<img decoding=\"async\" width=\"768\" height=\"1024\" src=\"https:\/\/atelier-maya.org\/wp-content\/uploads\/2025\/07\/20240116_174655-rotated-1-768x1024.jpg\" class=\"attachment-large size-large wp-image-225\" alt=\"\" srcset=\"https:\/\/atelier-maya.org\/wp-content\/uploads\/2025\/07\/20240116_174655-rotated-1-768x1024.jpg 768w, https:\/\/atelier-maya.org\/wp-content\/uploads\/2025\/07\/20240116_174655-rotated-1-225x300.jpg 225w, https:\/\/atelier-maya.org\/wp-content\/uploads\/2025\/07\/20240116_174655-rotated-1-1152x1536.jpg 1152w, https:\/\/atelier-maya.org\/wp-content\/uploads\/2025\/07\/20240116_174655-rotated-1-1536x2048.jpg 1536w, https:\/\/atelier-maya.org\/wp-content\/uploads\/2025\/07\/20240116_174655-rotated-1.jpg 1734w\" sizes=\"(max-width: 768px) 100vw, 768px\" \/>\t\t\t\t\t\t\t\t\t\t\t\t\t\t\t<\/div>\n\t\t\t\t<\/div>\n\t\t<div class=\"elementor-element elementor-element-1d2012f e-con-full e-flex e-con e-child\" data-id=\"1d2012f\" data-element_type=\"container\">\n\t\t\t\t<div class=\"elementor-element elementor-element-599cea6 elementor-widget elementor-widget-image\" data-id=\"599cea6\" data-element_type=\"widget\" data-widget_type=\"image.default\">\n\t\t\t\t\t\t\t\t\t\t\t\t\t\t\t<img loading=\"lazy\" decoding=\"async\" width=\"768\" height=\"1024\" src=\"https:\/\/atelier-maya.org\/wp-content\/uploads\/2025\/07\/20240516_161056-1536x2048-1-768x1024.jpg\" class=\"attachment-large size-large wp-image-227\" alt=\"\" srcset=\"https:\/\/atelier-maya.org\/wp-content\/uploads\/2025\/07\/20240516_161056-1536x2048-1-768x1024.jpg 768w, https:\/\/atelier-maya.org\/wp-content\/uploads\/2025\/07\/20240516_161056-1536x2048-1-225x300.jpg 225w, https:\/\/atelier-maya.org\/wp-content\/uploads\/2025\/07\/20240516_161056-1536x2048-1-1152x1536.jpg 1152w, https:\/\/atelier-maya.org\/wp-content\/uploads\/2025\/07\/20240516_161056-1536x2048-1.jpg 1536w\" sizes=\"(max-width: 768px) 100vw, 768px\" \/>\t\t\t\t\t\t\t\t\t\t\t\t\t\t\t<\/div>\n\t\t\t\t<\/div>\n\t\t\t\t\t<\/div>\n\t\t\t\t<\/div>\n\t\t<div class=\"elementor-element elementor-element-42af826 e-flex e-con-boxed e-con e-parent\" data-id=\"42af826\" data-element_type=\"container\">\n\t\t\t\t\t<div class=\"e-con-inner\">\n\t\t\t\t<div class=\"elementor-element elementor-element-ed7c474 elementor-widget elementor-widget-image\" data-id=\"ed7c474\" data-element_type=\"widget\" data-widget_type=\"image.default\">\n\t\t\t\t\t\t\t\t\t\t\t\t\t\t\t<img loading=\"lazy\" decoding=\"async\" width=\"2048\" height=\"1152\" src=\"https:\/\/atelier-maya.org\/wp-content\/uploads\/2025\/07\/20211008_165721-2048x1152-1.jpg\" class=\"attachment-2048x2048 size-2048x2048 wp-image-129\" alt=\"\" srcset=\"https:\/\/atelier-maya.org\/wp-content\/uploads\/2025\/07\/20211008_165721-2048x1152-1.jpg 2048w, https:\/\/atelier-maya.org\/wp-content\/uploads\/2025\/07\/20211008_165721-2048x1152-1-300x169.jpg 300w, https:\/\/atelier-maya.org\/wp-content\/uploads\/2025\/07\/20211008_165721-2048x1152-1-1024x576.jpg 1024w, https:\/\/atelier-maya.org\/wp-content\/uploads\/2025\/07\/20211008_165721-2048x1152-1-768x432.jpg 768w, https:\/\/atelier-maya.org\/wp-content\/uploads\/2025\/07\/20211008_165721-2048x1152-1-1536x864.jpg 1536w\" sizes=\"(max-width: 2048px) 100vw, 2048px\" \/>\t\t\t\t\t\t\t\t\t\t\t\t\t\t\t<\/div>\n\t\t\t\t\t<\/div>\n\t\t\t\t<\/div>\n\t\t<div class=\"elementor-element elementor-element-562ac8f e-con-full e-flex e-con e-parent\" data-id=\"562ac8f\" data-element_type=\"container\">\n\t\t<div class=\"elementor-element elementor-element-17464fb e-con-full e-flex e-con e-child\" data-id=\"17464fb\" data-element_type=\"container\">\n\t\t\t\t<div class=\"elementor-element elementor-element-7a38351 elementor-widget elementor-widget-image\" data-id=\"7a38351\" data-element_type=\"widget\" data-widget_type=\"image.default\">\n\t\t\t\t\t\t\t\t\t\t\t\t\t\t\t<img loading=\"lazy\" decoding=\"async\" width=\"800\" height=\"600\" src=\"https:\/\/atelier-maya.org\/wp-content\/uploads\/2025\/07\/20210527_192309-2048x1536-1-1024x768.jpg\" class=\"attachment-large size-large wp-image-128\" alt=\"\" srcset=\"https:\/\/atelier-maya.org\/wp-content\/uploads\/2025\/07\/20210527_192309-2048x1536-1-1024x768.jpg 1024w, https:\/\/atelier-maya.org\/wp-content\/uploads\/2025\/07\/20210527_192309-2048x1536-1-300x225.jpg 300w, https:\/\/atelier-maya.org\/wp-content\/uploads\/2025\/07\/20210527_192309-2048x1536-1-768x576.jpg 768w, https:\/\/atelier-maya.org\/wp-content\/uploads\/2025\/07\/20210527_192309-2048x1536-1-1536x1152.jpg 1536w, https:\/\/atelier-maya.org\/wp-content\/uploads\/2025\/07\/20210527_192309-2048x1536-1.jpg 2048w\" sizes=\"(max-width: 800px) 100vw, 800px\" \/>\t\t\t\t\t\t\t\t\t\t\t\t\t\t\t<\/div>\n\t\t\t\t<\/div>\n\t\t<div class=\"elementor-element elementor-element-8b5cbe0 e-con-full e-flex e-con e-child\" data-id=\"8b5cbe0\" data-element_type=\"container\">\n\t\t\t\t<div class=\"elementor-element elementor-element-fbfb845 elementor-widget elementor-widget-image\" data-id=\"fbfb845\" data-element_type=\"widget\" data-widget_type=\"image.default\">\n\t\t\t\t\t\t\t\t\t\t\t\t\t\t\t<img loading=\"lazy\" decoding=\"async\" width=\"800\" height=\"450\" src=\"https:\/\/atelier-maya.org\/wp-content\/uploads\/2025\/07\/20210527_144858-scaled-1-1024x576.jpg\" class=\"attachment-large size-large wp-image-126\" alt=\"\" srcset=\"https:\/\/atelier-maya.org\/wp-content\/uploads\/2025\/07\/20210527_144858-scaled-1-1024x576.jpg 1024w, https:\/\/atelier-maya.org\/wp-content\/uploads\/2025\/07\/20210527_144858-scaled-1-300x169.jpg 300w, https:\/\/atelier-maya.org\/wp-content\/uploads\/2025\/07\/20210527_144858-scaled-1-768x432.jpg 768w, https:\/\/atelier-maya.org\/wp-content\/uploads\/2025\/07\/20210527_144858-scaled-1-1536x864.jpg 1536w, https:\/\/atelier-maya.org\/wp-content\/uploads\/2025\/07\/20210527_144858-scaled-1-2048x1152.jpg 2048w\" sizes=\"(max-width: 800px) 100vw, 800px\" \/>\t\t\t\t\t\t\t\t\t\t\t\t\t\t\t<\/div>\n\t\t\t\t<\/div>\n\t\t\t\t<\/div>\n\t\t<div class=\"elementor-element elementor-element-0d4b034 e-con-full e-flex e-con e-parent\" data-id=\"0d4b034\" data-element_type=\"container\">\n\t\t<div class=\"elementor-element elementor-element-f739dba e-con-full e-flex e-con e-child\" data-id=\"f739dba\" data-element_type=\"container\">\n\t\t\t\t<div class=\"elementor-element elementor-element-d3a8508 elementor-widget elementor-widget-image\" data-id=\"d3a8508\" data-element_type=\"widget\" data-widget_type=\"image.default\">\n\t\t\t\t\t\t\t\t\t\t\t\t\t\t\t<img loading=\"lazy\" decoding=\"async\" width=\"768\" height=\"1024\" src=\"https:\/\/atelier-maya.org\/wp-content\/uploads\/2025\/07\/20210403_191644-768x1024.jpg\" class=\"attachment-large size-large wp-image-125\" alt=\"\" srcset=\"https:\/\/atelier-maya.org\/wp-content\/uploads\/2025\/07\/20210403_191644-768x1024.jpg 768w, https:\/\/atelier-maya.org\/wp-content\/uploads\/2025\/07\/20210403_191644-225x300.jpg 225w, https:\/\/atelier-maya.org\/wp-content\/uploads\/2025\/07\/20210403_191644-1152x1536.jpg 1152w, https:\/\/atelier-maya.org\/wp-content\/uploads\/2025\/07\/20210403_191644-1536x2048.jpg 1536w, https:\/\/atelier-maya.org\/wp-content\/uploads\/2025\/07\/20210403_191644-scaled.jpg 1920w\" sizes=\"(max-width: 768px) 100vw, 768px\" \/>\t\t\t\t\t\t\t\t\t\t\t\t\t\t\t<\/div>\n\t\t\t\t<\/div>\n\t\t<div class=\"elementor-element elementor-element-12c225d e-con-full e-flex e-con e-child\" data-id=\"12c225d\" data-element_type=\"container\">\n\t\t\t\t<div class=\"elementor-element elementor-element-8111e90 elementor-widget elementor-widget-image\" data-id=\"8111e90\" data-element_type=\"widget\" data-widget_type=\"image.default\">\n\t\t\t\t\t\t\t\t\t\t\t\t\t\t\t<img loading=\"lazy\" decoding=\"async\" width=\"768\" height=\"1024\" src=\"https:\/\/atelier-maya.org\/wp-content\/uploads\/2025\/07\/20210527_151644-1-scaled-1-768x1024.jpg\" class=\"attachment-large size-large wp-image-127\" alt=\"\" srcset=\"https:\/\/atelier-maya.org\/wp-content\/uploads\/2025\/07\/20210527_151644-1-scaled-1-768x1024.jpg 768w, https:\/\/atelier-maya.org\/wp-content\/uploads\/2025\/07\/20210527_151644-1-scaled-1-225x300.jpg 225w, https:\/\/atelier-maya.org\/wp-content\/uploads\/2025\/07\/20210527_151644-1-scaled-1-1152x1536.jpg 1152w, https:\/\/atelier-maya.org\/wp-content\/uploads\/2025\/07\/20210527_151644-1-scaled-1-1536x2048.jpg 1536w, https:\/\/atelier-maya.org\/wp-content\/uploads\/2025\/07\/20210527_151644-1-scaled-1.jpg 1920w\" sizes=\"(max-width: 768px) 100vw, 768px\" \/>\t\t\t\t\t\t\t\t\t\t\t\t\t\t\t<\/div>\n\t\t\t\t<\/div>\n\t\t\t\t<\/div>\n\t\t<div class=\"elementor-element elementor-element-246dc2d e-con-full e-flex e-con e-parent\" data-id=\"246dc2d\" data-element_type=\"container\" data-settings=\"{&quot;background_background&quot;:&quot;classic&quot;}\">\n\t\t<div class=\"elementor-element elementor-element-408b8c9c e-con-full e-flex e-con e-child\" data-id=\"408b8c9c\" data-element_type=\"container\">\n\t\t\t\t<div class=\"elementor-element elementor-element-1756b27a elementor-widget elementor-widget-heading\" data-id=\"1756b27a\" data-element_type=\"widget\" data-widget_type=\"heading.default\">\n\t\t\t\t\t<h2 class=\"elementor-heading-title elementor-size-default\">\ud83d\udcde 06 14 11 63 84<br><br>\u2709\ufe0f contact@atelier-maya.org<br>\n<\/h2>\t\t\t\t<\/div>\n\t\t\t\t<\/div>\n\t\t<div class=\"elementor-element elementor-element-7c1f16a9 e-con-full e-flex e-con e-child\" data-id=\"7c1f16a9\" data-element_type=\"container\">\n\t\t\t\t<div class=\"elementor-element elementor-element-5de5fe78 elementor-widget elementor-widget-heading\" data-id=\"5de5fe78\" data-element_type=\"widget\" data-widget_type=\"heading.default\">\n\t\t\t\t\t<h2 class=\"elementor-heading-title elementor-size-default\">Pages l\u00e9gales <\/h2>\t\t\t\t<\/div>\n\t\t\t\t<\/div>\n\t\t\t\t<\/div>\n\t\t\t\t<\/div>\n\t\t","protected":false},"excerpt":{"rendered":"<p>Accueil les stages Mon parcours ma collection Les rondes Les courbes Les vagues le v\u00e9g\u00e9tal X Le v\u00e9g\u00e9tal \ud83d\udcde 06 14 11 63 84 \u2709\ufe0f contact@atelier-maya.org Pages l\u00e9gales<\/p>\n","protected":false},"author":1,"featured_media":0,"parent":39,"menu_order":0,"comment_status":"closed","ping_status":"closed","template":"elementor_canvas","meta":{"footnotes":""},"class_list":["post-49","page","type-page","status-publish","hentry"],"_links":{"self":[{"href":"https:\/\/atelier-maya.org\/index.php?rest_route=\/wp\/v2\/pages\/49","targetHints":{"allow":["GET"]}}],"collection":[{"href":"https:\/\/atelier-maya.org\/index.php?rest_route=\/wp\/v2\/pages"}],"about":[{"href":"https:\/\/atelier-maya.org\/index.php?rest_route=\/wp\/v2\/types\/page"}],"author":[{"embeddable":true,"href":"https:\/\/atelier-maya.org\/index.php?rest_route=\/wp\/v2\/users\/1"}],"replies":[{"embeddable":true,"href":"https:\/\/atelier-maya.org\/index.php?rest_route=%2Fwp%2Fv2%2Fcomments&post=49"}],"version-history":[{"count":32,"href":"https:\/\/atelier-maya.org\/index.php?rest_route=\/wp\/v2\/pages\/49\/revisions"}],"predecessor-version":[{"id":309,"href":"https:\/\/atelier-maya.org\/index.php?rest_route=\/wp\/v2\/pages\/49\/revisions\/309"}],"up":[{"embeddable":true,"href":"https:\/\/atelier-maya.org\/index.php?rest_route=\/wp\/v2\/pages\/39"}],"wp:attachment":[{"href":"https:\/\/atelier-maya.org\/index.php?rest_route=%2Fwp%2Fv2%2Fmedia&parent=49"}],"curies":[{"name":"wp","href":"https:\/\/api.w.org\/{rel}","templated":true}]}}