{"id":47,"date":"2025-07-07T14:59:00","date_gmt":"2025-07-07T14:59:00","guid":{"rendered":"https:\/\/atelier-maya.org\/?page_id=47"},"modified":"2026-02-05T23:27:57","modified_gmt":"2026-02-05T23:27:57","slug":"mon-parcours","status":"publish","type":"page","link":"https:\/\/atelier-maya.org\/?page_id=47","title":{"rendered":"Mon parcours"},"content":{"rendered":"\t\t<div data-elementor-type=\"wp-page\" data-elementor-id=\"47\" class=\"elementor elementor-47\">\n\t\t\t\t<div class=\"elementor-element elementor-element-6b9b1e13 e-flex e-con-boxed e-con e-parent\" data-id=\"6b9b1e13\" data-element_type=\"container\">\n\t\t\t\t\t<div class=\"e-con-inner\">\n\t\t<div class=\"elementor-element elementor-element-7212a3a3 e-con-full e-flex e-con e-child\" data-id=\"7212a3a3\" data-element_type=\"container\">\n\t\t\t\t<div class=\"elementor-element elementor-element-1be6b875 elementor-widget-mobile__width-initial elementor-widget elementor-widget-image\" data-id=\"1be6b875\" data-element_type=\"widget\" data-widget_type=\"image.default\">\n\t\t\t\t\t\t\t\t\t\t\t\t\t\t\t<img fetchpriority=\"high\" decoding=\"async\" width=\"800\" height=\"278\" src=\"https:\/\/atelier-maya.org\/wp-content\/uploads\/2025\/07\/Atelier-4-denoised_sharpened_upscaled_x3-1-1-1024x356.png\" class=\"attachment-large size-large wp-image-26\" alt=\"\" srcset=\"https:\/\/atelier-maya.org\/wp-content\/uploads\/2025\/07\/Atelier-4-denoised_sharpened_upscaled_x3-1-1-1024x356.png 1024w, https:\/\/atelier-maya.org\/wp-content\/uploads\/2025\/07\/Atelier-4-denoised_sharpened_upscaled_x3-1-1-300x104.png 300w, https:\/\/atelier-maya.org\/wp-content\/uploads\/2025\/07\/Atelier-4-denoised_sharpened_upscaled_x3-1-1-768x267.png 768w, https:\/\/atelier-maya.org\/wp-content\/uploads\/2025\/07\/Atelier-4-denoised_sharpened_upscaled_x3-1-1.png 1090w\" sizes=\"(max-width: 800px) 100vw, 800px\" \/>\t\t\t\t\t\t\t\t\t\t\t\t\t\t\t<\/div>\n\t\t\t\t<\/div>\n\t\t<div class=\"elementor-element elementor-element-201bdd3d e-con-full e-flex e-con e-child\" data-id=\"201bdd3d\" data-element_type=\"container\">\n\t\t\t\t<div class=\"elementor-element elementor-element-676c67b9 elementor-widget elementor-widget-ekit-nav-menu\" data-id=\"676c67b9\" data-element_type=\"widget\" data-widget_type=\"ekit-nav-menu.default\">\n\t\t\t\t<div class=\"elementor-widget-container\">\n\t\t\t\t\t\t\t<nav class=\"ekit-wid-con ekit_menu_responsive_tablet\" \n\t\t\tdata-hamburger-icon=\"\" \n\t\t\tdata-hamburger-icon-type=\"icon\" \n\t\t\tdata-responsive-breakpoint=\"1024\">\n\t\t\t            <button class=\"elementskit-menu-hamburger elementskit-menu-toggler\"  type=\"button\" aria-label=\"hamburger-icon\">\n                                    <span class=\"elementskit-menu-hamburger-icon\"><\/span><span class=\"elementskit-menu-hamburger-icon\"><\/span><span class=\"elementskit-menu-hamburger-icon\"><\/span>\n                            <\/button>\n            <div id=\"ekit-megamenu-main-menu\" class=\"elementskit-menu-container elementskit-menu-offcanvas-elements elementskit-navbar-nav-default ekit-nav-menu-one-page-no ekit-nav-dropdown-hover\"><ul id=\"menu-main-menu\" class=\"elementskit-navbar-nav elementskit-menu-po-center submenu-click-on-icon\"><li id=\"menu-item-30\" class=\"menu-item menu-item-type-post_type menu-item-object-page menu-item-home menu-item-30 nav-item elementskit-mobile-builder-content\" data-vertical-menu=750px><a href=\"https:\/\/atelier-maya.org\/\" class=\"ekit-menu-nav-link\">Accueil<\/a><\/li>\n<li id=\"menu-item-53\" class=\"menu-item menu-item-type-post_type menu-item-object-page menu-item-53 nav-item elementskit-mobile-builder-content\" data-vertical-menu=750px><a href=\"https:\/\/atelier-maya.org\/?page_id=51\" class=\"ekit-menu-nav-link\">Les stages<\/a><\/li>\n<li id=\"menu-item-54\" class=\"menu-item menu-item-type-post_type menu-item-object-page menu-item-54 nav-item elementskit-mobile-builder-content\" data-vertical-menu=750px><a href=\"https:\/\/atelier-maya.org\/?page_id=47\" class=\"ekit-menu-nav-link\">Mon parcours<\/a><\/li>\n<li id=\"menu-item-55\" class=\"menu-item menu-item-type-post_type menu-item-object-page menu-item-has-children menu-item-55 nav-item elementskit-dropdown-has relative_position elementskit-dropdown-menu-default_width elementskit-mobile-builder-content\" data-vertical-menu=750px><a href=\"https:\/\/atelier-maya.org\/?page_id=39\" class=\"ekit-menu-nav-link ekit-menu-dropdown-toggle\">Ma collection<i aria-hidden=\"true\" class=\"icon icon-down-arrow1 elementskit-submenu-indicator\"><\/i><\/a>\n<ul class=\"elementskit-dropdown elementskit-submenu-panel\">\n\t<li id=\"menu-item-59\" class=\"menu-item menu-item-type-post_type menu-item-object-page menu-item-59 nav-item elementskit-mobile-builder-content\" data-vertical-menu=750px><a href=\"https:\/\/atelier-maya.org\/?page_id=41\" class=\" dropdown-item\">Les rondes<\/a>\t<li id=\"menu-item-58\" class=\"menu-item menu-item-type-post_type menu-item-object-page menu-item-58 nav-item elementskit-mobile-builder-content\" data-vertical-menu=750px><a href=\"https:\/\/atelier-maya.org\/?page_id=43\" class=\" dropdown-item\">Les courbes<\/a>\t<li id=\"menu-item-57\" class=\"menu-item menu-item-type-post_type menu-item-object-page menu-item-57 nav-item elementskit-mobile-builder-content\" data-vertical-menu=750px><a href=\"https:\/\/atelier-maya.org\/?page_id=45\" class=\" dropdown-item\">Les vagues<\/a>\t<li id=\"menu-item-56\" class=\"menu-item menu-item-type-post_type menu-item-object-page menu-item-56 nav-item elementskit-mobile-builder-content\" data-vertical-menu=750px><a href=\"https:\/\/atelier-maya.org\/?page_id=49\" class=\" dropdown-item\">Le v\u00e9g\u00e9tal<\/a><\/ul>\n<\/li>\n<\/ul><div class=\"elementskit-nav-identity-panel\"><button class=\"elementskit-menu-close elementskit-menu-toggler\" type=\"button\">X<\/button><\/div><\/div>\t\t\t\n\t\t\t<div class=\"elementskit-menu-overlay elementskit-menu-offcanvas-elements elementskit-menu-toggler ekit-nav-menu--overlay\"><\/div>        <\/nav>\n\t\t\t\t\t\t<\/div>\n\t\t\t\t<\/div>\n\t\t\t\t<\/div>\n\t\t\t\t\t<\/div>\n\t\t\t\t<\/div>\n\t\t<div class=\"elementor-element elementor-element-e836668 e-flex e-con-boxed e-con e-parent\" data-id=\"e836668\" data-element_type=\"container\">\n\t\t\t\t\t<div class=\"e-con-inner\">\n\t\t\t\t<div class=\"elementor-element elementor-element-1cf05e2 elementor-widget elementor-widget-heading\" data-id=\"1cf05e2\" data-element_type=\"widget\" data-widget_type=\"heading.default\">\n\t\t\t\t\t<h2 class=\"elementor-heading-title elementor-size-default\">Mon parcours <\/h2>\t\t\t\t<\/div>\n\t\t\t\t<div class=\"elementor-element elementor-element-898690b elementor-widget elementor-widget-spacer\" data-id=\"898690b\" data-element_type=\"widget\" data-widget_type=\"spacer.default\">\n\t\t\t\t\t\t\t<div class=\"elementor-spacer\">\n\t\t\t<div class=\"elementor-spacer-inner\"><\/div>\n\t\t<\/div>\n\t\t\t\t\t\t<\/div>\n\t\t\t\t<div class=\"elementor-element elementor-element-96e4816 elementor-widget elementor-widget-heading\" data-id=\"96e4816\" data-element_type=\"widget\" data-widget_type=\"heading.default\">\n\t\t\t\t\t<h2 class=\"elementor-heading-title elementor-size-default\">\u201cCe qui m\u2019entoure me nourrit et je puise mes diff\u00e9rentes sources au travers des paysages , de la mer, des fleurs, les couleurs de la ville, les sourires des passants\u2026 chacun de ces \u00e9l\u00e9ments est une source d\u2019inspiration constante.\u201d<\/h2>\t\t\t\t<\/div>\n\t\t\t\t<div class=\"elementor-element elementor-element-1ef0aa1 elementor-widget elementor-widget-spacer\" data-id=\"1ef0aa1\" data-element_type=\"widget\" data-widget_type=\"spacer.default\">\n\t\t\t\t\t\t\t<div class=\"elementor-spacer\">\n\t\t\t<div class=\"elementor-spacer-inner\"><\/div>\n\t\t<\/div>\n\t\t\t\t\t\t<\/div>\n\t\t\t\t\t<\/div>\n\t\t\t\t<\/div>\n\t\t<div class=\"elementor-element elementor-element-d52628d e-flex e-con-boxed e-con e-parent\" data-id=\"d52628d\" data-element_type=\"container\" data-settings=\"{&quot;background_background&quot;:&quot;classic&quot;}\">\n\t\t\t\t\t<div class=\"e-con-inner\">\n\t\t<div class=\"elementor-element elementor-element-a738f4f e-con-full elementor-hidden-mobile e-flex e-con e-child\" data-id=\"a738f4f\" data-element_type=\"container\">\n\t\t\t\t<\/div>\n\t\t<div class=\"elementor-element elementor-element-65b2d82 e-con-full e-flex e-con e-child\" data-id=\"65b2d82\" data-element_type=\"container\" data-settings=\"{&quot;background_background&quot;:&quot;classic&quot;}\">\n\t\t\t\t<div class=\"elementor-element elementor-element-3b3da2d elementor-widget elementor-widget-spacer\" data-id=\"3b3da2d\" data-element_type=\"widget\" data-widget_type=\"spacer.default\">\n\t\t\t\t\t\t\t<div class=\"elementor-spacer\">\n\t\t\t<div class=\"elementor-spacer-inner\"><\/div>\n\t\t<\/div>\n\t\t\t\t\t\t<\/div>\n\t\t\t\t<div class=\"elementor-element elementor-element-0843664 elementor-widget elementor-widget-heading\" data-id=\"0843664\" data-element_type=\"widget\" data-widget_type=\"heading.default\">\n\t\t\t\t\t<h2 class=\"elementor-heading-title elementor-size-default\">Mon cheminement<\/h2>\t\t\t\t<\/div>\n\t\t\t\t<div class=\"elementor-element elementor-element-cc08487 elementor-widget elementor-widget-heading\" data-id=\"cc08487\" data-element_type=\"widget\" data-widget_type=\"heading.default\">\n\t\t\t\t\t<h2 class=\"elementor-heading-title elementor-size-default\">Ma premi\u00e8re passion a \u00e9t\u00e9 la poterie, j\u2019ai appris \u00e0 tourner et j\u2019ai travaill\u00e9 chez un potier.<br><br>Apr\u00e8s une formation de styliste de mode, j\u2019ai travaill\u00e9 comme d\u00e9coratrice \u00e9talagiste puis j\u2019ai mont\u00e9 ma boutique de d\u00e9coration .<br><br>J\u2019ai toujours fait beaucoup de dessin, de peinture j\u2019ai travaill\u00e9 le pastel, l\u2019huile et je me suis mise \u00e0 la sculpture pour retrouver le volume.<br><br>J\u2019ai \u00e9galement fait une formation courte d\u2019Art th\u00e9rapeute, ce qui me permet aujourd\u2019hui d\u2019appr\u00e9hender les m\u00e9diums avec un autre regard.<br><br>L\u2019Art th\u00e9rapie m\u2019a permis d\u2019avoir une plus grande ouverture sur la fa\u00e7on de travailler l\u2019objet :<br><br>L\u2019essentiel n\u2019est pas de faire du beau, mais d\u2019exprimer ce que l\u2019on a en soi, ce que l\u2019on ressent, et de faire sortir ses \u00e9motions joie, col\u00e8re, tristesse, bonheur.\n<\/h2>\t\t\t\t<\/div>\n\t\t\t\t<div class=\"elementor-element elementor-element-d83f8cc elementor-widget elementor-widget-spacer\" data-id=\"d83f8cc\" data-element_type=\"widget\" data-widget_type=\"spacer.default\">\n\t\t\t\t\t\t\t<div class=\"elementor-spacer\">\n\t\t\t<div class=\"elementor-spacer-inner\"><\/div>\n\t\t<\/div>\n\t\t\t\t\t\t<\/div>\n\t\t\t\t<\/div>\n\t\t<div class=\"elementor-element elementor-element-0dfb879 e-con-full elementor-hidden-mobile e-flex e-con e-child\" data-id=\"0dfb879\" data-element_type=\"container\">\n\t\t\t\t<\/div>\n\t\t\t\t\t<\/div>\n\t\t\t\t<\/div>\n\t\t<div class=\"elementor-element elementor-element-d3b5d13 e-con-full e-flex e-con e-parent\" data-id=\"d3b5d13\" data-element_type=\"container\">\n\t\t<div class=\"elementor-element elementor-element-d741319 e-con-full e-flex e-con e-child\" data-id=\"d741319\" data-element_type=\"container\">\n\t\t\t\t<\/div>\n\t\t<div class=\"elementor-element elementor-element-1d76a42 e-con-full e-flex e-con e-child\" data-id=\"1d76a42\" data-element_type=\"container\">\n\t\t\t\t<div class=\"elementor-element elementor-element-b27004e elementor-widget elementor-widget-heading\" data-id=\"b27004e\" data-element_type=\"widget\" data-widget_type=\"heading.default\">\n\t\t\t\t\t<h2 class=\"elementor-heading-title elementor-size-default\">PODADA 2022\nBois colombes<\/h2>\t\t\t\t<\/div>\n\t\t\t\t<\/div>\n\t\t<div class=\"elementor-element elementor-element-ce4cfec e-con-full e-flex e-con e-child\" data-id=\"ce4cfec\" data-element_type=\"container\">\n\t\t\t\t<div class=\"elementor-element elementor-element-079217b elementor-widget elementor-widget-image\" data-id=\"079217b\" data-element_type=\"widget\" data-widget_type=\"image.default\">\n\t\t\t\t\t\t\t\t\t\t\t\t\t\t\t<img decoding=\"async\" width=\"800\" height=\"450\" src=\"https:\/\/atelier-maya.org\/wp-content\/uploads\/2025\/07\/20211009_154547-scaled-1-1024x576.jpg\" class=\"attachment-large size-large wp-image-254\" alt=\"\" srcset=\"https:\/\/atelier-maya.org\/wp-content\/uploads\/2025\/07\/20211009_154547-scaled-1-1024x576.jpg 1024w, https:\/\/atelier-maya.org\/wp-content\/uploads\/2025\/07\/20211009_154547-scaled-1-300x169.jpg 300w, https:\/\/atelier-maya.org\/wp-content\/uploads\/2025\/07\/20211009_154547-scaled-1-768x432.jpg 768w, https:\/\/atelier-maya.org\/wp-content\/uploads\/2025\/07\/20211009_154547-scaled-1-1536x864.jpg 1536w, https:\/\/atelier-maya.org\/wp-content\/uploads\/2025\/07\/20211009_154547-scaled-1-2048x1152.jpg 2048w\" sizes=\"(max-width: 800px) 100vw, 800px\" \/>\t\t\t\t\t\t\t\t\t\t\t\t\t\t\t<\/div>\n\t\t\t\t<\/div>\n\t\t\t\t<\/div>\n\t\t<div class=\"elementor-element elementor-element-eb21a61 e-con-full e-flex e-con e-parent\" data-id=\"eb21a61\" data-element_type=\"container\">\n\t\t<div class=\"elementor-element elementor-element-2082084 e-con-full e-flex e-con e-child\" data-id=\"2082084\" data-element_type=\"container\">\n\t\t\t\t<div class=\"elementor-element elementor-element-effbae0 elementor-widget elementor-widget-image\" data-id=\"effbae0\" data-element_type=\"widget\" data-widget_type=\"image.default\">\n\t\t\t\t\t\t\t\t\t\t\t\t\t\t\t<img decoding=\"async\" width=\"800\" height=\"534\" src=\"https:\/\/atelier-maya.org\/wp-content\/uploads\/2025\/07\/csm_CEC_ATRIUM2_260fd2c9c1-1024x683.jpg\" class=\"attachment-large size-large wp-image-261\" alt=\"\" srcset=\"https:\/\/atelier-maya.org\/wp-content\/uploads\/2025\/07\/csm_CEC_ATRIUM2_260fd2c9c1-1024x683.jpg 1024w, https:\/\/atelier-maya.org\/wp-content\/uploads\/2025\/07\/csm_CEC_ATRIUM2_260fd2c9c1-300x200.jpg 300w, https:\/\/atelier-maya.org\/wp-content\/uploads\/2025\/07\/csm_CEC_ATRIUM2_260fd2c9c1-768x512.jpg 768w, https:\/\/atelier-maya.org\/wp-content\/uploads\/2025\/07\/csm_CEC_ATRIUM2_260fd2c9c1-1536x1024.jpg 1536w, https:\/\/atelier-maya.org\/wp-content\/uploads\/2025\/07\/csm_CEC_ATRIUM2_260fd2c9c1.jpg 1600w\" sizes=\"(max-width: 800px) 100vw, 800px\" \/>\t\t\t\t\t\t\t\t\t\t\t\t\t\t\t<\/div>\n\t\t\t\t<\/div>\n\t\t<div class=\"elementor-element elementor-element-da96222 e-con-full e-flex e-con e-child\" data-id=\"da96222\" data-element_type=\"container\">\n\t\t\t\t<div class=\"elementor-element elementor-element-37c0552 elementor-widget elementor-widget-heading\" data-id=\"37c0552\" data-element_type=\"widget\" data-widget_type=\"heading.default\">\n\t\t\t\t\t<h2 class=\"elementor-heading-title elementor-size-default\">Expo \u00e0 Courbevoie Centre \u00e9v\u00e8nementiel\n2022<\/h2>\t\t\t\t<\/div>\n\t\t\t\t<\/div>\n\t\t<div class=\"elementor-element elementor-element-0cbf87e e-con-full e-flex e-con e-child\" data-id=\"0cbf87e\" data-element_type=\"container\">\n\t\t\t\t<\/div>\n\t\t\t\t<\/div>\n\t\t<div class=\"elementor-element elementor-element-78ab3c7 e-con-full e-flex e-con e-parent\" data-id=\"78ab3c7\" data-element_type=\"container\">\n\t\t<div class=\"elementor-element elementor-element-ac0b16b e-con-full e-flex e-con e-child\" data-id=\"ac0b16b\" data-element_type=\"container\">\n\t\t\t\t<div class=\"elementor-element elementor-element-238bfc1 elementor-widget elementor-widget-image\" data-id=\"238bfc1\" data-element_type=\"widget\" data-widget_type=\"image.default\">\n\t\t\t\t\t\t\t\t\t\t\t\t\t\t\t<img loading=\"lazy\" decoding=\"async\" width=\"800\" height=\"600\" src=\"https:\/\/atelier-maya.org\/wp-content\/uploads\/2025\/07\/IMG-20221010-WA0027-pyckfolx9zit4igki7vvi7t5jda72qc0n9lvcfglf4.jpg\" class=\"attachment-large size-large wp-image-256\" alt=\"\" srcset=\"https:\/\/atelier-maya.org\/wp-content\/uploads\/2025\/07\/IMG-20221010-WA0027-pyckfolx9zit4igki7vvi7t5jda72qc0n9lvcfglf4.jpg 800w, https:\/\/atelier-maya.org\/wp-content\/uploads\/2025\/07\/IMG-20221010-WA0027-pyckfolx9zit4igki7vvi7t5jda72qc0n9lvcfglf4-300x225.jpg 300w, https:\/\/atelier-maya.org\/wp-content\/uploads\/2025\/07\/IMG-20221010-WA0027-pyckfolx9zit4igki7vvi7t5jda72qc0n9lvcfglf4-768x576.jpg 768w\" sizes=\"(max-width: 800px) 100vw, 800px\" \/>\t\t\t\t\t\t\t\t\t\t\t\t\t\t\t<\/div>\n\t\t\t\t<\/div>\n\t\t<div class=\"elementor-element elementor-element-84b3074 e-con-full e-flex e-con e-child\" data-id=\"84b3074\" data-element_type=\"container\">\n\t\t\t\t<div class=\"elementor-element elementor-element-3146287 elementor-widget elementor-widget-heading\" data-id=\"3146287\" data-element_type=\"widget\" data-widget_type=\"heading.default\">\n\t\t\t\t\t<h2 class=\"elementor-heading-title elementor-size-default\">PODADA 2023\nBois colombes\n<\/h2>\t\t\t\t<\/div>\n\t\t\t\t<\/div>\n\t\t<div class=\"elementor-element elementor-element-13d2694 e-con-full e-flex e-con e-child\" data-id=\"13d2694\" data-element_type=\"container\">\n\t\t\t\t<\/div>\n\t\t\t\t<\/div>\n\t\t<div class=\"elementor-element elementor-element-5a4e672 e-flex e-con-boxed e-con e-parent\" data-id=\"5a4e672\" data-element_type=\"container\">\n\t\t\t\t\t<div class=\"e-con-inner\">\n\t\t\t\t<div class=\"elementor-element elementor-element-38537b0 elementor-widget elementor-widget-spacer\" data-id=\"38537b0\" data-element_type=\"widget\" data-widget_type=\"spacer.default\">\n\t\t\t\t\t\t\t<div class=\"elementor-spacer\">\n\t\t\t<div class=\"elementor-spacer-inner\"><\/div>\n\t\t<\/div>\n\t\t\t\t\t\t<\/div>\n\t\t\t\t\t<\/div>\n\t\t\t\t<\/div>\n\t\t<div class=\"elementor-element elementor-element-7040b30 e-con-full e-flex e-con e-parent\" data-id=\"7040b30\" data-element_type=\"container\">\n\t\t<div class=\"elementor-element elementor-element-383da17 e-con-full e-flex e-con e-child\" data-id=\"383da17\" data-element_type=\"container\" data-settings=\"{&quot;background_background&quot;:&quot;classic&quot;}\">\n\t\t\t\t<div class=\"elementor-element elementor-element-0831042 elementor-widget elementor-widget-heading\" data-id=\"0831042\" data-element_type=\"widget\" data-widget_type=\"heading.default\">\n\t\t\t\t\t<h2 class=\"elementor-heading-title elementor-size-default\">Galerie l'incorrigible \u00e0 Hy\u00e8res\n2024<\/h2>\t\t\t\t<\/div>\n\t\t\t\t<\/div>\n\t\t<div class=\"elementor-element elementor-element-8364ef6 e-con-full e-flex e-con e-child\" data-id=\"8364ef6\" data-element_type=\"container\">\n\t\t\t\t<div class=\"elementor-element elementor-element-c612f82 elementor-widget elementor-widget-image\" data-id=\"c612f82\" data-element_type=\"widget\" data-widget_type=\"image.default\">\n\t\t\t\t\t\t\t\t\t\t\t\t\t\t\t<img loading=\"lazy\" decoding=\"async\" width=\"768\" height=\"1024\" src=\"https:\/\/atelier-maya.org\/wp-content\/uploads\/2025\/07\/20240926_193708-1536x2048-1-768x1024.jpg\" class=\"attachment-large size-large wp-image-255\" alt=\"\" srcset=\"https:\/\/atelier-maya.org\/wp-content\/uploads\/2025\/07\/20240926_193708-1536x2048-1-768x1024.jpg 768w, https:\/\/atelier-maya.org\/wp-content\/uploads\/2025\/07\/20240926_193708-1536x2048-1-225x300.jpg 225w, https:\/\/atelier-maya.org\/wp-content\/uploads\/2025\/07\/20240926_193708-1536x2048-1-1152x1536.jpg 1152w, https:\/\/atelier-maya.org\/wp-content\/uploads\/2025\/07\/20240926_193708-1536x2048-1.jpg 1536w\" sizes=\"(max-width: 768px) 100vw, 768px\" \/>\t\t\t\t\t\t\t\t\t\t\t\t\t\t\t<\/div>\n\t\t\t\t<\/div>\n\t\t\t\t<\/div>\n\t\t<div class=\"elementor-element elementor-element-ce547b0 e-con-full e-flex e-con e-parent\" data-id=\"ce547b0\" data-element_type=\"container\" data-settings=\"{&quot;background_background&quot;:&quot;classic&quot;}\">\n\t\t<div class=\"elementor-element elementor-element-e9d9b4a e-con-full e-flex e-con e-child\" data-id=\"e9d9b4a\" data-element_type=\"container\">\n\t\t\t\t<div class=\"elementor-element elementor-element-1f2938f9 elementor-widget elementor-widget-heading\" data-id=\"1f2938f9\" data-element_type=\"widget\" data-widget_type=\"heading.default\">\n\t\t\t\t\t<h2 class=\"elementor-heading-title elementor-size-default\">\ud83d\udcde 06 14 11 63 84<br><br>\u2709\ufe0f contact@atelier-maya.org<br>\n<\/h2>\t\t\t\t<\/div>\n\t\t\t\t<\/div>\n\t\t<div class=\"elementor-element elementor-element-3c1a5cd e-con-full e-flex e-con e-child\" data-id=\"3c1a5cd\" data-element_type=\"container\">\n\t\t\t\t<div class=\"elementor-element elementor-element-376799eb elementor-widget elementor-widget-heading\" data-id=\"376799eb\" data-element_type=\"widget\" data-widget_type=\"heading.default\">\n\t\t\t\t\t<h2 class=\"elementor-heading-title elementor-size-default\">Pages l\u00e9gales <\/h2>\t\t\t\t<\/div>\n\t\t\t\t<\/div>\n\t\t\t\t<\/div>\n\t\t\t\t<\/div>\n\t\t","protected":false},"excerpt":{"rendered":"<p>Accueil Les stages Mon parcours Ma collection Les rondes Les courbes Les vagues Le v\u00e9g\u00e9tal X Mon parcours \u201cCe qui m\u2019entoure me nourrit et je puise mes diff\u00e9rentes sources au travers des paysages , de la mer, des fleurs, les couleurs de la ville, les sourires des passants\u2026 chacun de ces \u00e9l\u00e9ments est une source [&hellip;]<\/p>\n","protected":false},"author":1,"featured_media":0,"parent":0,"menu_order":0,"comment_status":"closed","ping_status":"closed","template":"elementor_canvas","meta":{"footnotes":""},"class_list":["post-47","page","type-page","status-publish","hentry"],"_links":{"self":[{"href":"https:\/\/atelier-maya.org\/index.php?rest_route=\/wp\/v2\/pages\/47","targetHints":{"allow":["GET"]}}],"collection":[{"href":"https:\/\/atelier-maya.org\/index.php?rest_route=\/wp\/v2\/pages"}],"about":[{"href":"https:\/\/atelier-maya.org\/index.php?rest_route=\/wp\/v2\/types\/page"}],"author":[{"embeddable":true,"href":"https:\/\/atelier-maya.org\/index.php?rest_route=\/wp\/v2\/users\/1"}],"replies":[{"embeddable":true,"href":"https:\/\/atelier-maya.org\/index.php?rest_route=%2Fwp%2Fv2%2Fcomments&post=47"}],"version-history":[{"count":25,"href":"https:\/\/atelier-maya.org\/index.php?rest_route=\/wp\/v2\/pages\/47\/revisions"}],"predecessor-version":[{"id":340,"href":"https:\/\/atelier-maya.org\/index.php?rest_route=\/wp\/v2\/pages\/47\/revisions\/340"}],"wp:attachment":[{"href":"https:\/\/atelier-maya.org\/index.php?rest_route=%2Fwp%2Fv2%2Fmedia&parent=47"}],"curies":[{"name":"wp","href":"https:\/\/api.w.org\/{rel}","templated":true}]}}