{"id":39,"date":"2025-07-07T14:54:40","date_gmt":"2025-07-07T14:54:40","guid":{"rendered":"https:\/\/atelier-maya.org\/?page_id=39"},"modified":"2026-02-05T23:24:10","modified_gmt":"2026-02-05T23:24:10","slug":"ma-collection","status":"publish","type":"page","link":"https:\/\/atelier-maya.org\/?page_id=39","title":{"rendered":"Ma collection"},"content":{"rendered":"\t\t<div data-elementor-type=\"wp-page\" data-elementor-id=\"39\" class=\"elementor elementor-39\">\n\t\t\t\t<div class=\"elementor-element elementor-element-7c8df035 e-flex e-con-boxed e-con e-parent\" data-id=\"7c8df035\" data-element_type=\"container\">\n\t\t\t\t\t<div class=\"e-con-inner\">\n\t\t<div class=\"elementor-element elementor-element-7d4f8121 e-con-full e-flex e-con e-child\" data-id=\"7d4f8121\" data-element_type=\"container\">\n\t\t\t\t<div class=\"elementor-element elementor-element-10cfb621 elementor-widget-mobile__width-initial elementor-widget elementor-widget-image\" data-id=\"10cfb621\" data-element_type=\"widget\" data-widget_type=\"image.default\">\n\t\t\t\t\t\t\t\t\t\t\t\t\t\t\t<img fetchpriority=\"high\" decoding=\"async\" width=\"800\" height=\"278\" src=\"https:\/\/atelier-maya.org\/wp-content\/uploads\/2025\/07\/Atelier-4-denoised_sharpened_upscaled_x3-1-1-1024x356.png\" class=\"attachment-large size-large wp-image-26\" alt=\"\" srcset=\"https:\/\/atelier-maya.org\/wp-content\/uploads\/2025\/07\/Atelier-4-denoised_sharpened_upscaled_x3-1-1-1024x356.png 1024w, https:\/\/atelier-maya.org\/wp-content\/uploads\/2025\/07\/Atelier-4-denoised_sharpened_upscaled_x3-1-1-300x104.png 300w, https:\/\/atelier-maya.org\/wp-content\/uploads\/2025\/07\/Atelier-4-denoised_sharpened_upscaled_x3-1-1-768x267.png 768w, https:\/\/atelier-maya.org\/wp-content\/uploads\/2025\/07\/Atelier-4-denoised_sharpened_upscaled_x3-1-1.png 1090w\" sizes=\"(max-width: 800px) 100vw, 800px\" \/>\t\t\t\t\t\t\t\t\t\t\t\t\t\t\t<\/div>\n\t\t\t\t<\/div>\n\t\t<div class=\"elementor-element elementor-element-4586b2ab e-con-full e-flex e-con e-child\" data-id=\"4586b2ab\" data-element_type=\"container\">\n\t\t\t\t<div class=\"elementor-element elementor-element-1c548465 elementor-widget elementor-widget-ekit-nav-menu\" data-id=\"1c548465\" data-element_type=\"widget\" data-widget_type=\"ekit-nav-menu.default\">\n\t\t\t\t<div class=\"elementor-widget-container\">\n\t\t\t\t\t\t\t<nav class=\"ekit-wid-con ekit_menu_responsive_tablet\" \n\t\t\tdata-hamburger-icon=\"\" \n\t\t\tdata-hamburger-icon-type=\"icon\" \n\t\t\tdata-responsive-breakpoint=\"1024\">\n\t\t\t            <button class=\"elementskit-menu-hamburger elementskit-menu-toggler\"  type=\"button\" aria-label=\"hamburger-icon\">\n                                    <span class=\"elementskit-menu-hamburger-icon\"><\/span><span class=\"elementskit-menu-hamburger-icon\"><\/span><span class=\"elementskit-menu-hamburger-icon\"><\/span>\n                            <\/button>\n            <div id=\"ekit-megamenu-main-menu\" class=\"elementskit-menu-container elementskit-menu-offcanvas-elements elementskit-navbar-nav-default ekit-nav-menu-one-page-no ekit-nav-dropdown-hover\"><ul id=\"menu-main-menu\" class=\"elementskit-navbar-nav elementskit-menu-po-center submenu-click-on-icon\"><li id=\"menu-item-30\" class=\"menu-item menu-item-type-post_type menu-item-object-page menu-item-home menu-item-30 nav-item elementskit-mobile-builder-content\" data-vertical-menu=750px><a href=\"https:\/\/atelier-maya.org\/\" class=\"ekit-menu-nav-link\">Accueil<\/a><\/li>\n<li id=\"menu-item-53\" class=\"menu-item menu-item-type-post_type menu-item-object-page menu-item-53 nav-item elementskit-mobile-builder-content\" data-vertical-menu=750px><a href=\"https:\/\/atelier-maya.org\/?page_id=51\" class=\"ekit-menu-nav-link\">Les stages<\/a><\/li>\n<li id=\"menu-item-54\" class=\"menu-item menu-item-type-post_type menu-item-object-page menu-item-54 nav-item elementskit-mobile-builder-content\" data-vertical-menu=750px><a href=\"https:\/\/atelier-maya.org\/?page_id=47\" class=\"ekit-menu-nav-link\">Mon parcours<\/a><\/li>\n<li id=\"menu-item-55\" class=\"menu-item menu-item-type-post_type menu-item-object-page menu-item-has-children menu-item-55 nav-item elementskit-dropdown-has relative_position elementskit-dropdown-menu-default_width elementskit-mobile-builder-content\" data-vertical-menu=750px><a href=\"https:\/\/atelier-maya.org\/?page_id=39\" class=\"ekit-menu-nav-link ekit-menu-dropdown-toggle\">Ma collection<i aria-hidden=\"true\" class=\"icon icon-down-arrow1 elementskit-submenu-indicator\"><\/i><\/a>\n<ul class=\"elementskit-dropdown elementskit-submenu-panel\">\n\t<li id=\"menu-item-59\" class=\"menu-item menu-item-type-post_type menu-item-object-page menu-item-59 nav-item elementskit-mobile-builder-content\" data-vertical-menu=750px><a href=\"https:\/\/atelier-maya.org\/?page_id=41\" class=\" dropdown-item\">Les rondes<\/a>\t<li id=\"menu-item-58\" class=\"menu-item menu-item-type-post_type menu-item-object-page menu-item-58 nav-item elementskit-mobile-builder-content\" data-vertical-menu=750px><a href=\"https:\/\/atelier-maya.org\/?page_id=43\" class=\" dropdown-item\">Les courbes<\/a>\t<li id=\"menu-item-57\" class=\"menu-item menu-item-type-post_type menu-item-object-page menu-item-57 nav-item elementskit-mobile-builder-content\" data-vertical-menu=750px><a href=\"https:\/\/atelier-maya.org\/?page_id=45\" class=\" dropdown-item\">Les vagues<\/a>\t<li id=\"menu-item-56\" class=\"menu-item menu-item-type-post_type menu-item-object-page menu-item-56 nav-item elementskit-mobile-builder-content\" data-vertical-menu=750px><a href=\"https:\/\/atelier-maya.org\/?page_id=49\" class=\" dropdown-item\">Le v\u00e9g\u00e9tal<\/a><\/ul>\n<\/li>\n<\/ul><div class=\"elementskit-nav-identity-panel\"><button class=\"elementskit-menu-close elementskit-menu-toggler\" type=\"button\">X<\/button><\/div><\/div>\t\t\t\n\t\t\t<div class=\"elementskit-menu-overlay elementskit-menu-offcanvas-elements elementskit-menu-toggler ekit-nav-menu--overlay\"><\/div>        <\/nav>\n\t\t\t\t\t\t<\/div>\n\t\t\t\t<\/div>\n\t\t\t\t<\/div>\n\t\t\t\t\t<\/div>\n\t\t\t\t<\/div>\n\t\t<div class=\"elementor-element elementor-element-af6bbda e-flex e-con-boxed e-con e-parent\" data-id=\"af6bbda\" data-element_type=\"container\">\n\t\t\t\t\t<div class=\"e-con-inner\">\n\t\t\t\t<div class=\"elementor-element elementor-element-2557fa9 elementor-widget elementor-widget-heading\" data-id=\"2557fa9\" data-element_type=\"widget\" data-widget_type=\"heading.default\">\n\t\t\t\t\t<h2 class=\"elementor-heading-title elementor-size-default\">Mes inspirations<\/h2>\t\t\t\t<\/div>\n\t\t\t\t<div class=\"elementor-element elementor-element-2604ae8 elementor-widget elementor-widget-spacer\" data-id=\"2604ae8\" data-element_type=\"widget\" data-widget_type=\"spacer.default\">\n\t\t\t\t\t\t\t<div class=\"elementor-spacer\">\n\t\t\t<div class=\"elementor-spacer-inner\"><\/div>\n\t\t<\/div>\n\t\t\t\t\t\t<\/div>\n\t\t\t\t<div class=\"elementor-element elementor-element-7d90413 elementor-widget elementor-widget-heading\" data-id=\"7d90413\" data-element_type=\"widget\" data-widget_type=\"heading.default\">\n\t\t\t\t\t<h2 class=\"elementor-heading-title elementor-size-default\">Je recherche principalement la ligne la plus harmonieuse. C\u2019est elle, qui me dirige, me conduit \u00e0 travers mes sculptures. Un v\u00e9ritable dialogue qui s\u2019installe entre l\u2019objet que je sculpte et moi-m\u00eame\u2026.<\/h2>\t\t\t\t<\/div>\n\t\t\t\t<div class=\"elementor-element elementor-element-4973a3e elementor-widget elementor-widget-heading\" data-id=\"4973a3e\" data-element_type=\"widget\" data-widget_type=\"heading.default\">\n\t\t\t\t\t<h2 class=\"elementor-heading-title elementor-size-default\">\u201cLa terre c\u2019est comme une Rencontre, on s\u2019apprivoise\u2026\u201d<\/h2>\t\t\t\t<\/div>\n\t\t\t\t\t<\/div>\n\t\t\t\t<\/div>\n\t\t<div class=\"elementor-element elementor-element-cfaaeff e-flex e-con-boxed e-con e-parent\" data-id=\"cfaaeff\" data-element_type=\"container\" data-settings=\"{&quot;background_background&quot;:&quot;classic&quot;}\">\n\t\t\t\t\t<div class=\"e-con-inner\">\n\t\t\t\t<div class=\"elementor-element elementor-element-652c822 elementor-widget elementor-widget-spacer\" data-id=\"652c822\" data-element_type=\"widget\" data-widget_type=\"spacer.default\">\n\t\t\t\t\t\t\t<div class=\"elementor-spacer\">\n\t\t\t<div class=\"elementor-spacer-inner\"><\/div>\n\t\t<\/div>\n\t\t\t\t\t\t<\/div>\n\t\t\t\t<div class=\"elementor-element elementor-element-1facee9 elementor-widget elementor-widget-heading\" data-id=\"1facee9\" data-element_type=\"widget\" data-widget_type=\"heading.default\">\n\t\t\t\t\t<h2 class=\"elementor-heading-title elementor-size-default\">Ce qui m\u2019entoure me nourrit et je puise mes diff\u00e9rentes sources d\u2019inspiration  au travers des paysages, des fleurs, les couleurs de la ville, les sourires des passants\u2026 <br><br>Chacun de ces \u00e9l\u00e9ments est une source d\u2019inspiration constante que l\u2019on retrouve dans ma collection. <br><br>Apr\u00e8s la premi\u00e8re cuisson de la terre, du gr\u00e8s, que l\u2019on appelle \u00ab le biscuit \u00bb  je pose une patine faite de plusieurs ingr\u00e9dients dont la cire\u2026<br><br>On pourrait dire que c\u2019est un peu comme la cuisine :<br><br>Je m\u00e9lange ou superpose diff\u00e9rentes couleurs \u00e0 base de pigments ou autres \u00ab mixtures \u00bb qui me sont propres .<br><br>Selon l\u2019objet, par exemple les vagues, je recherche la profondeur la transparence et pour les v\u00e9g\u00e9taux, comme la feuille o\u00f9 les \u00e9corces, c\u2019est l\u2019empreinte du temps qui m\u2019int\u00e9resse\u2026 <\/h2>\t\t\t\t<\/div>\n\t\t\t\t<div class=\"elementor-element elementor-element-5024922 elementor-widget elementor-widget-spacer\" data-id=\"5024922\" data-element_type=\"widget\" data-widget_type=\"spacer.default\">\n\t\t\t\t\t\t\t<div class=\"elementor-spacer\">\n\t\t\t<div class=\"elementor-spacer-inner\"><\/div>\n\t\t<\/div>\n\t\t\t\t\t\t<\/div>\n\t\t\t\t\t<\/div>\n\t\t\t\t<\/div>\n\t\t<div class=\"elementor-element elementor-element-8ad3529 e-flex e-con-boxed e-con e-parent\" data-id=\"8ad3529\" data-element_type=\"container\">\n\t\t\t\t\t<div class=\"e-con-inner\">\n\t\t<div class=\"elementor-element elementor-element-d028d80 e-con-full e-flex e-con e-child\" data-id=\"d028d80\" data-element_type=\"container\">\n\t\t\t\t<div class=\"elementor-element elementor-element-8935976 elementor-widget elementor-widget-image\" data-id=\"8935976\" data-element_type=\"widget\" data-widget_type=\"image.default\">\n\t\t\t\t\t\t\t\t\t\t\t\t\t\t\t<img decoding=\"async\" width=\"800\" height=\"673\" src=\"https:\/\/atelier-maya.org\/wp-content\/uploads\/2025\/07\/le-m-rec-1024x861.jpg\" class=\"attachment-large size-large wp-image-117\" alt=\"\" srcset=\"https:\/\/atelier-maya.org\/wp-content\/uploads\/2025\/07\/le-m-rec-1024x861.jpg 1024w, https:\/\/atelier-maya.org\/wp-content\/uploads\/2025\/07\/le-m-rec-300x252.jpg 300w, https:\/\/atelier-maya.org\/wp-content\/uploads\/2025\/07\/le-m-rec-768x646.jpg 768w, https:\/\/atelier-maya.org\/wp-content\/uploads\/2025\/07\/le-m-rec-1536x1292.jpg 1536w, https:\/\/atelier-maya.org\/wp-content\/uploads\/2025\/07\/le-m-rec-2048x1722.jpg 2048w\" sizes=\"(max-width: 800px) 100vw, 800px\" \/>\t\t\t\t\t\t\t\t\t\t\t\t\t\t\t<\/div>\n\t\t\t\t<\/div>\n\t\t<div class=\"elementor-element elementor-element-e5da677 e-con-full e-flex e-con e-child\" data-id=\"e5da677\" data-element_type=\"container\">\n\t\t\t\t<div class=\"elementor-element elementor-element-2e70c45 elementor-widget elementor-widget-image\" data-id=\"2e70c45\" data-element_type=\"widget\" data-widget_type=\"image.default\">\n\t\t\t\t\t\t\t\t\t\t\t\t\t\t\t<img decoding=\"async\" width=\"768\" height=\"1024\" src=\"https:\/\/atelier-maya.org\/wp-content\/uploads\/2025\/07\/20220325_173608-768x1024.jpg\" class=\"attachment-large size-large wp-image-119\" alt=\"\" srcset=\"https:\/\/atelier-maya.org\/wp-content\/uploads\/2025\/07\/20220325_173608-768x1024.jpg 768w, https:\/\/atelier-maya.org\/wp-content\/uploads\/2025\/07\/20220325_173608-225x300.jpg 225w, https:\/\/atelier-maya.org\/wp-content\/uploads\/2025\/07\/20220325_173608-1152x1536.jpg 1152w, https:\/\/atelier-maya.org\/wp-content\/uploads\/2025\/07\/20220325_173608-1536x2048.jpg 1536w, https:\/\/atelier-maya.org\/wp-content\/uploads\/2025\/07\/20220325_173608-scaled.jpg 1920w\" sizes=\"(max-width: 768px) 100vw, 768px\" \/>\t\t\t\t\t\t\t\t\t\t\t\t\t\t\t<\/div>\n\t\t\t\t<\/div>\n\t\t<div class=\"elementor-element elementor-element-c13b9be e-con-full e-flex e-con e-child\" data-id=\"c13b9be\" data-element_type=\"container\">\n\t\t\t\t<div class=\"elementor-element elementor-element-fecaacb elementor-widget elementor-widget-image\" data-id=\"fecaacb\" data-element_type=\"widget\" data-widget_type=\"image.default\">\n\t\t\t\t\t\t\t\t\t\t\t\t\t\t\t<img loading=\"lazy\" decoding=\"async\" width=\"768\" height=\"1024\" src=\"https:\/\/atelier-maya.org\/wp-content\/uploads\/2025\/07\/20220319_232304-1-768x1024.jpg\" class=\"attachment-large size-large wp-image-120\" alt=\"\" srcset=\"https:\/\/atelier-maya.org\/wp-content\/uploads\/2025\/07\/20220319_232304-1-768x1024.jpg 768w, https:\/\/atelier-maya.org\/wp-content\/uploads\/2025\/07\/20220319_232304-1-225x300.jpg 225w, https:\/\/atelier-maya.org\/wp-content\/uploads\/2025\/07\/20220319_232304-1-1152x1536.jpg 1152w, https:\/\/atelier-maya.org\/wp-content\/uploads\/2025\/07\/20220319_232304-1-1536x2048.jpg 1536w, https:\/\/atelier-maya.org\/wp-content\/uploads\/2025\/07\/20220319_232304-1-scaled.jpg 1920w\" sizes=\"(max-width: 768px) 100vw, 768px\" \/>\t\t\t\t\t\t\t\t\t\t\t\t\t\t\t<\/div>\n\t\t\t\t<\/div>\n\t\t\t\t\t<\/div>\n\t\t\t\t<\/div>\n\t\t<div class=\"elementor-element elementor-element-298e8c17 e-con-full e-flex e-con e-parent\" data-id=\"298e8c17\" data-element_type=\"container\" data-settings=\"{&quot;background_background&quot;:&quot;classic&quot;}\">\n\t\t<div class=\"elementor-element elementor-element-516486c4 e-con-full e-flex e-con e-child\" data-id=\"516486c4\" data-element_type=\"container\">\n\t\t\t\t<div class=\"elementor-element elementor-element-5096d575 elementor-widget elementor-widget-heading\" data-id=\"5096d575\" data-element_type=\"widget\" data-widget_type=\"heading.default\">\n\t\t\t\t\t<h2 class=\"elementor-heading-title elementor-size-default\">\ud83d\udcde 06 14 11 63 84<br><br>\u2709\ufe0f contact@atelier-maya.org<br>\n<\/h2>\t\t\t\t<\/div>\n\t\t\t\t<\/div>\n\t\t<div class=\"elementor-element elementor-element-8f7a4a0 e-con-full e-flex e-con e-child\" data-id=\"8f7a4a0\" data-element_type=\"container\">\n\t\t\t\t<div class=\"elementor-element elementor-element-a07ab17 elementor-widget elementor-widget-heading\" data-id=\"a07ab17\" data-element_type=\"widget\" data-widget_type=\"heading.default\">\n\t\t\t\t\t<h2 class=\"elementor-heading-title elementor-size-default\">Pages l\u00e9gales <\/h2>\t\t\t\t<\/div>\n\t\t\t\t<\/div>\n\t\t\t\t<\/div>\n\t\t\t\t<\/div>\n\t\t","protected":false},"excerpt":{"rendered":"<p>Accueil Les stages Mon parcours Ma collection Les rondes Les courbes Les vagues Le v\u00e9g\u00e9tal X Mes inspirations Je recherche principalement la ligne la plus harmonieuse. C\u2019est elle, qui me dirige, me conduit \u00e0 travers mes sculptures. Un v\u00e9ritable dialogue qui s\u2019installe entre l\u2019objet que je sculpte et moi-m\u00eame\u2026. \u201cLa terre c\u2019est comme une Rencontre, [&hellip;]<\/p>\n","protected":false},"author":1,"featured_media":0,"parent":0,"menu_order":0,"comment_status":"closed","ping_status":"closed","template":"elementor_canvas","meta":{"footnotes":""},"class_list":["post-39","page","type-page","status-publish","hentry"],"_links":{"self":[{"href":"https:\/\/atelier-maya.org\/index.php?rest_route=\/wp\/v2\/pages\/39","targetHints":{"allow":["GET"]}}],"collection":[{"href":"https:\/\/atelier-maya.org\/index.php?rest_route=\/wp\/v2\/pages"}],"about":[{"href":"https:\/\/atelier-maya.org\/index.php?rest_route=\/wp\/v2\/types\/page"}],"author":[{"embeddable":true,"href":"https:\/\/atelier-maya.org\/index.php?rest_route=\/wp\/v2\/users\/1"}],"replies":[{"embeddable":true,"href":"https:\/\/atelier-maya.org\/index.php?rest_route=%2Fwp%2Fv2%2Fcomments&post=39"}],"version-history":[{"count":11,"href":"https:\/\/atelier-maya.org\/index.php?rest_route=\/wp\/v2\/pages\/39\/revisions"}],"predecessor-version":[{"id":331,"href":"https:\/\/atelier-maya.org\/index.php?rest_route=\/wp\/v2\/pages\/39\/revisions\/331"}],"wp:attachment":[{"href":"https:\/\/atelier-maya.org\/index.php?rest_route=%2Fwp%2Fv2%2Fmedia&parent=39"}],"curies":[{"name":"wp","href":"https:\/\/api.w.org\/{rel}","templated":true}]}}